{"id":6047,"date":"2023-09-01T19:21:34","date_gmt":"2023-09-01T17:21:34","guid":{"rendered":"https:\/\/dev.scohpica.ch\/assistente-familiare\/risultati\/"},"modified":"2026-03-23T10:49:14","modified_gmt":"2026-03-23T09:49:14","slug":"risultati","status":"publish","type":"page","link":"https:\/\/dev.scohpica.ch\/it\/familiari-curanti\/risultati\/","title":{"rendered":"Risultati"},"content":{"rendered":"\n<div class=\"wp-block-columns alignfull mb-0 pt-[150px] mt-neg has-background is-layout-flex wp-container-core-columns-is-layout-9d6595d7 wp-block-columns-is-layout-flex\" style=\"background-color:#0068910d\">\n<div class=\"wp-block-column ek-linked-block is-layout-flow wp-block-column-is-layout-flow\">\n<h1 class=\"wp-block-heading has-text-align-center has-primary-color has-text-color has-link-color wp-elements-90531fabde82a40089a5172524441f32\">Risultati familiari curanti<\/h1>\n<\/div>\n<\/div>\n\n\n\n<div class=\"wp-block-group alignfull has-background is-layout-constrained wp-block-group-is-layout-constrained\" style=\"background-color:#0069910d\">\n<div class=\"wp-block-columns alignwide px-4 md:px-8 is-layout-flex wp-container-core-columns-is-layout-9d6595d7 wp-block-columns-is-layout-flex\">\n<div class=\"wp-block-column is-vertically-aligned-top ek-linked-block is-layout-flow wp-block-column-is-layout-flow\" style=\"flex-basis:50%\">\n<div class=\"wp-block-columns is-not-stacked-on-mobile has-white-background-color has-background is-layout-flex wp-container-core-columns-is-layout-9d6595d7 wp-block-columns-is-layout-flex\">\n<div class=\"wp-block-column is-layout-flow wp-block-column-is-layout-flow\">\n<p class=\"has-text-align-center has-primary-color has-text-color has-link-color wp-elements-ba24b8d096c2f683c13806b8abf799bf\">Piattaforma interattiva della coorte di familiari curanti<\/p>\n\n\n\n<figure class=\"wp-block-image aligncenter size-medium is-resized\"><img loading=\"lazy\" decoding=\"async\" width=\"189\" height=\"189\" src=\"https:\/\/dev.scohpica.ch\/wp-content\/uploads\/2023\/10\/dashboard.svg\" alt=\"\" class=\"wp-image-2247\" style=\"width:159px;height:159px\"\/><\/figure>\n\n\n\n<h4 class=\"wp-block-heading has-text-align-center has-primary-color has-text-color\">Per accedere alla piattaforma interattiva dei risultati, clicchi qui !<\/h4>\n\n\n\n<div class=\"wp-block-buttons is-content-justification-center is-layout-flex wp-container-core-buttons-is-layout-16018d1d wp-block-buttons-is-layout-flex\">\n<div class=\"wp-block-button\"><a class=\"wp-block-button__link has-primary-background-color has-background has-text-align-center wp-element-button\" href=\"https:\/\/survey.chuv.ch\/tiny\/v\/Mv6su4JJnf\" target=\"_blank\" rel=\"noreferrer noopener\">RISULTATI<\/a><\/div>\n<\/div>\n<\/div>\n<\/div>\n<\/div>\n\n\n\n<div class=\"wp-block-column is-layout-flow wp-block-column-is-layout-flow\" style=\"flex-basis:50%\">\n<div class=\"wp-block-columns has-background is-layout-flex wp-container-core-columns-is-layout-9d6595d7 wp-block-columns-is-layout-flex\" style=\"background-color:#0168910d\">\n<div class=\"wp-block-column is-layout-flow wp-block-column-is-layout-flow\" style=\"flex-basis:40px\">\n<div class=\"wp-block-font-awesome-icon wp-font-awesome-icon\"><svg aria-hidden=\"true\" focusable=\"false\" data-prefix=\"fas\" data-icon=\"triangle-exclamation\" class=\"svg-inline--fa fa-triangle-exclamation \" role=\"img\" xmlns=\"http:\/\/www.w3.org\/2000\/svg\" viewBox=\"0 0 512 512\" style=\"font-size:2.5em\" color=\"#006891\"><path fill=\"currentColor\" d=\"M256 0c14.7 0 28.2 8.1 35.2 21l216 400c6.7 12.4 6.4 27.4-.8 39.5S486.1 480 472 480L40 480c-14.1 0-27.2-7.4-34.4-19.5s-7.5-27.1-.8-39.5l216-400c7-12.9 20.5-21 35.2-21zm0 352a32 32 0 1 0 0 64 32 32 0 1 0 0-64zm0-192c-18.2 0-32.7 15.5-31.4 33.7l7.4 104c.9 12.5 11.4 22.3 23.9 22.3 12.6 0 23-9.7 23.9-22.3l7.4-104c1.3-18.2-13.1-33.7-31.4-33.7z\"><\/path><\/svg><\/div>\n<\/div>\n\n\n\n<div class=\"wp-block-column is-layout-flow wp-block-column-is-layout-flow\">\n<p>Questo dashboard \u00e8 stato realizzato per essere visualizzato su uno schermo di grandi dimensioni, \u00e8 possibilie quindi che la sua lettura su tablet o smart phone sia difficile. Se la visualizzazione sul suo schermo \u00e8 troppo grande o troppo piccola, utilizzi la funzione zoom del suo browser per regolare le dimensioni dei grafici e testi. Per consultare il dashboard, le consigliamo di utilizzare Chrome et Microsoft Edge.  <\/p>\n<\/div>\n<\/div>\n\n\n\n<p style=\"font-size:16px\"><\/p>\n<\/div>\n<\/div>\n<\/div>\n\n\n<div class=\"multitabs\">\n    \n    <\/div>\n\n\n<div style=\"height:70px\" aria-hidden=\"true\" class=\"wp-block-spacer\"><\/div>\n\n\n\n<h1 class=\"wp-block-heading has-text-align-center has-primary-color has-text-color has-link-color wp-elements-53b5d71be6b32c8715421cec4ac3c5df\">Conferenze<\/h1>\n\n\n\n<div style=\"height:70px\" aria-hidden=\"true\" class=\"wp-block-spacer\"><\/div>\n\n\n\n<div class=\"wp-block-query is-layout-flow wp-block-query-is-layout-flow\">\n<div class=\"wp-block-group is-style-default is-vertical is-layout-flex wp-container-core-group-is-layout-8cf370e7 wp-block-group-is-layout-flex\"><ul class=\"wp-block-post-template is-layout-flow wp-block-post-template-is-layout-flow\"><li class=\"wp-block-post post-5252 post type-post status-publish format-standard hentry category-conference-it category-scohpica-results-pa tag-scohpica-results-pa\">\n<h2 class=\"has-link-color wp-elements-95585e1131d367bce90d920d16810b89 wp-block-post-title has-text-color has-blue-dark-color\">January 23 2025 &#8211; SCOHPICA Informal caregivers: First results of the pilot study<\/h2>\n\n<div class=\"entry-content wp-block-post-content is-layout-flow wp-block-post-content-is-layout-flow\">\n<div class=\"wp-block-columns is-layout-flex wp-container-core-columns-is-layout-9d6595d7 wp-block-columns-is-layout-flex\">\n<div class=\"wp-block-column is-layout-flow wp-block-column-is-layout-flow\" style=\"flex-basis:100%\">\n<p>As a part of the SCOHPICA (Swiss COhort of Health Professionals and Informal CAregivers) cohort symposium series, we are pleased to invite you to the conference presented by <\/p>\n\n\n\n<p class=\"has-secondary-color has-text-color\"><strong>LUCIE ESCASAIN<br><\/strong><em><em>PhDc, Research assistant, Unisant\u00e9<\/em><\/em><\/p>\n\n\n\n<p class=\"has-secondary-color has-text-color has-link-color wp-elements-864033150f43b38786a3e3a834c3d25c\"><strong>ANNIE OULEVEY BACHMANN<br><\/strong><em><em>Full <\/em><\/em><em><em>Professor at La Source of Nursing, HES-SO &amp; Co-leader of SCOHPICA<\/em><\/em><\/p>\n\n\n\n<p class=\"has-primary-color has-text-color\"><strong>January 23 2025<br>12H30 &#8211; 13H30 \u2013 VIRTUAL FORMAT<\/strong><\/p>\n<\/div>\n<\/div>\n\n\n\n<p>In spring 2024, the pilot baseline questionnaire was launched and collected data from informal caregivers (ICs) in Switzerland. In this presentation, we will discuss the implementation of this study and its implications. We will also present descriptive results, providing us insights into the characteristics of ICs as well as their current situation and well-being. The acceptability and feasibility of this study will also be explored in the light of future data collection.<\/p>\n\n\n\n<p class=\"has-primary-color has-text-color has-link-color wp-elements-98bce0b557d6919a931682dcaa2bfcdf\">Langue: anglais<\/p>\n\n\n\n<p class=\"has-primary-color has-text-color has-link-color wp-elements-eed3dd16b8ba8727ab1c137541c63064\">Recommand\u00e9 par la Soci\u00e9t\u00e9 Suisse des Sp\u00e9cialit\u00e9s en pr\u00e9vention et sant\u00e9 publique (SPHD) &nbsp;pour la reconnaissance de la formation continue.<\/p>\n\n\n\n<p class=\"has-primary-color has-text-color has-link-color wp-elements-8b3965c1fa07fab97d517e14c60120e3\"><a href=\"https:\/\/scohpica.ch\/wp-content\/uploads\/2025\/01\/2025-01-23_SCOHPICA_IC_FirstResults_vdef.pdf\" data-type=\"link\" data-id=\"https:\/\/scohpica.ch\/wp-content\/uploads\/2025\/01\/2025-01-23_SCOHPICA_IC_FirstResults_vdef.pdf\" target=\"_blank\" rel=\"noreferrer noopener\">La pr\u00e9sentation Power Point est disponible ici<\/a><\/p>\n\n\n\n<p class=\"has-primary-color has-text-color\">La vid\u00e9o est disponible ici<\/p>\n\n\n\n<a target=\"_blank\" title=\"SCOHPICA Informal caregivers: First results of the pilot study\" href=\"https:\/\/video.unisante.ch\/permalink\/v126ade484f5bv9k9hzx\/iframe\/\"><img decoding=\"async\" src=\"https:\/\/video.unisante.ch\/thumb\/v126ade484f5bv9k9hzx\/play\/\" alt=\"SCOHPICA Informal caregivers: First results of the pilot study\"\/><\/a>\n\n\n\n<div style=\"height:100px\" aria-hidden=\"true\" class=\"wp-block-spacer\"><\/div>\n<\/div>\n<\/li><\/ul><\/div>\n\n\n\n\n<\/div>\n\n\n\n<div class=\"wp-block-group alignfull has-gray-light-background-color has-background is-layout-constrained wp-block-group-is-layout-constrained\">\n<div class=\"wp-block-columns are-vertically-aligned-center is-style-no_margin is-layout-flex wp-container-core-columns-is-layout-9d6595d7 wp-block-columns-is-layout-flex\">\n<div class=\"wp-block-column is-vertically-aligned-center is-layout-flow wp-block-column-is-layout-flow\">\n<div style=\"height:40px\" aria-hidden=\"true\" class=\"wp-block-spacer\"><\/div>\n\n\n\n<h3 class=\"wp-block-heading\">Partecipare a SCOHPICA, <br>in sostanza, significa\u2026<\/h3>\n\n\n\n<p>&#8230; rispondere a un questionario elettronico ogni anno (su computer, tablet o smartphone per circa 30-45 minuti).<\/p>\n\n\n\n<p>&#8230; la possibilit\u00e0 di partecipare a un colloquio individuale o di gruppo (se interessati\/e).<\/p>\n\n\n\n<div style=\"height:20px\" aria-hidden=\"true\" class=\"wp-block-spacer\"><\/div>\n\n\n\n<div class=\"wp-block-buttons is-layout-flex wp-block-buttons-is-layout-flex\">\n<div class=\"wp-block-button is-style-icon-hand\"><a class=\"wp-block-button__link has-secondary-color has-white-background-color has-text-color has-background wp-element-button\" href=\"https:\/\/dev.scohpica.ch\/it\/desidero-partecipare\/\">Desidero partecipare<\/a><\/div>\n<\/div>\n\n\n\n<div style=\"height:40px\" aria-hidden=\"true\" class=\"wp-block-spacer\"><\/div>\n<\/div>\n\n\n\n<div class=\"wp-block-column is-vertically-aligned-center is-layout-flow wp-block-column-is-layout-flow\">\n<div class=\"wp-block-cover is-light is-style-full-group-right\" style=\"min-height:600px;aspect-ratio:unset;\"><span aria-hidden=\"true\" class=\"wp-block-cover__background has-background-dim-0 has-background-dim\"><\/span><img loading=\"lazy\" decoding=\"async\" width=\"1920\" height=\"1036\" class=\"wp-block-cover__image-background wp-image-1063\" alt=\"\" src=\"https:\/\/dev.scohpica.ch\/wp-content\/uploads\/2022\/09\/AdobeStock_492973113-web-light.jpeg\" data-object-fit=\"cover\" srcset=\"https:\/\/dev.scohpica.ch\/wp-content\/uploads\/2022\/09\/AdobeStock_492973113-web-light.jpeg 1920w, https:\/\/dev.scohpica.ch\/wp-content\/uploads\/2022\/09\/AdobeStock_492973113-web-light-300x162.jpeg 300w, https:\/\/dev.scohpica.ch\/wp-content\/uploads\/2022\/09\/AdobeStock_492973113-web-light-1024x553.jpeg 1024w, https:\/\/dev.scohpica.ch\/wp-content\/uploads\/2022\/09\/AdobeStock_492973113-web-light-768x414.jpeg 768w, https:\/\/dev.scohpica.ch\/wp-content\/uploads\/2022\/09\/AdobeStock_492973113-web-light-1536x829.jpeg 1536w\" sizes=\"auto, (max-width: 1920px) 100vw, 1920px\" \/><div class=\"wp-block-cover__inner-container is-layout-flow wp-block-cover-is-layout-flow\">\n<p class=\"has-text-align-center\"><\/p>\n<\/div><\/div>\n<\/div>\n<\/div>\n<\/div>\n\n\n\n<div class=\"wp-block-query is-layout-flow wp-block-query-is-layout-flow\"><\/div>\n","protected":false},"excerpt":{"rendered":"<p>Risultati familiari curanti Piattaforma interattiva della coorte di familiari curanti Per accedere alla piattaforma interattiva dei risultati, clicchi qui ! Questo dashboard \u00e8 stato realizzato per essere visualizzato su uno schermo di grandi dimensioni, \u00e8 possibilie quindi che la sua lettura su tablet o smart phone sia difficile. Se la visualizzazione sul suo schermo \u00e8 [&hellip;]<\/p>\n","protected":false},"author":5,"featured_media":0,"parent":5984,"menu_order":0,"comment_status":"closed","ping_status":"closed","template":"","meta":{"_acf_changed":false,"_editorskit_title_hidden":false,"_editorskit_reading_time":0,"_editorskit_is_block_options_detached":false,"_editorskit_block_options_position":"{}","footnotes":""},"class_list":["post-6047","page","type-page","status-publish","hentry"],"acf":[],"_links":{"self":[{"href":"https:\/\/dev.scohpica.ch\/it\/wp-json\/wp\/v2\/pages\/6047","targetHints":{"allow":["GET"]}}],"collection":[{"href":"https:\/\/dev.scohpica.ch\/it\/wp-json\/wp\/v2\/pages"}],"about":[{"href":"https:\/\/dev.scohpica.ch\/it\/wp-json\/wp\/v2\/types\/page"}],"author":[{"embeddable":true,"href":"https:\/\/dev.scohpica.ch\/it\/wp-json\/wp\/v2\/users\/5"}],"replies":[{"embeddable":true,"href":"https:\/\/dev.scohpica.ch\/it\/wp-json\/wp\/v2\/comments?post=6047"}],"version-history":[{"count":5,"href":"https:\/\/dev.scohpica.ch\/it\/wp-json\/wp\/v2\/pages\/6047\/revisions"}],"predecessor-version":[{"id":6391,"href":"https:\/\/dev.scohpica.ch\/it\/wp-json\/wp\/v2\/pages\/6047\/revisions\/6391"}],"up":[{"embeddable":true,"href":"https:\/\/dev.scohpica.ch\/it\/wp-json\/wp\/v2\/pages\/5984"}],"wp:attachment":[{"href":"https:\/\/dev.scohpica.ch\/it\/wp-json\/wp\/v2\/media?parent=6047"}],"curies":[{"name":"wp","href":"https:\/\/api.w.org\/{rel}","templated":true}]}}