{"id":5994,"date":"2022-09-12T13:58:26","date_gmt":"2022-09-12T11:58:26","guid":{"rendered":"https:\/\/dev.scohpica.ch\/domande-frequenti\/"},"modified":"2026-03-23T09:55:22","modified_gmt":"2026-03-23T08:55:22","slug":"faq","status":"publish","type":"page","link":"https:\/\/dev.scohpica.ch\/it\/faq\/","title":{"rendered":"FAQ"},"content":{"rendered":"\n<div style=\"height:70px\" aria-hidden=\"true\" class=\"wp-block-spacer\"><\/div>\n\n\n\n<h4 class=\"wp-block-heading has-text-align-center is-style-no-margin has-secondary-color has-text-color\"><\/h4>\n\n\n\n<h1 class=\"wp-block-heading has-text-align-center has-primary-color has-text-color\"><strong><strong><strong><strong><strong><strong><strong><strong>Domande frequenti<\/strong><\/strong><\/strong><\/strong><\/strong><\/strong><\/strong><\/strong><\/h1>\n\n\n\n<div style=\"height:100px\" aria-hidden=\"true\" class=\"wp-block-spacer\"><\/div>\n\n\n\n<div class=\"wp-block-columns is-layout-flex wp-container-core-columns-is-layout-9d6595d7 wp-block-columns-is-layout-flex\">\n<div class=\"wp-block-column is-layout-flow wp-block-column-is-layout-flow\"><\/div>\n\n\n\n<div class=\"wp-block-column is-layout-flow wp-block-column-is-layout-flow\" style=\"flex-basis:80%\">\n<h3 class=\"wp-block-heading has-text-align-center has-primary-color has-text-color\"><strong><strong><strong><strong>Ho alcune domande sul progetto.&nbsp;<\/strong><\/strong><\/strong><\/strong><\/h3>\n\n\n\n<div style=\"height:20px\" aria-hidden=\"true\" class=\"wp-block-spacer\"><\/div>\n\n\n\n<div id=\"faq-block_f35cfe41a4ba31bf340bc70b952eefca\" class=\"block-faq grid md:gap-x-8 gap-x-4 items-start grid-cols-1 md:grid-cols-2\">\n\n                        <div class=\"tab\">\n    <input type=\"checkbox\" id=\"tab-tab-1179\">\n    <label class=\"flex cursor-pointer tab-label\" for=\"tab-tab-1179\">\n        <span class=\"text-lg leading-tight md:text-xl text-gray-medium pr-6\">Qual \u00e8 l&#8217;obiettivo di questo progetto?<\/span>\n    <\/label>\n    <div class=\"tab-content\"><!-- wp:paragraph {\"translatedWithWPMLTM\":\"1\"} -->\n<p>L\u2019obiettivo di SCOHPICA \u00e8 capire meglio i percorsi e le esperienze dei\/delle professionisti\/e della salute e dei\/delle familiari curanti, identificando le condizioni ottimali per la pratica professionale e un supporto di qualit\u00e0 per i\/le familiari curanti.<\/p>\n<!-- \/wp:paragraph --><!-- wp:paragraph {\"translatedWithWPMLTM\":\"1\"} -->\n<p>L\u2019obiettivo \u00e8 la diffusione di questi risultati e il miglioramento del sistema sanitario.<\/p>\n<!-- \/wp:paragraph --><\/div>\n<\/div>                    <div class=\"tab\">\n    <input type=\"checkbox\" id=\"tab-tab-1181\">\n    <label class=\"flex cursor-pointer tab-label\" for=\"tab-tab-1181\">\n        <span class=\"text-lg leading-tight md:text-xl text-gray-medium pr-6\">Cosa significa SCOHPICA?<\/span>\n    <\/label>\n    <div class=\"tab-content\"><!-- wp:paragraph -->\n<p>Swiss COhort of Healthcare Professionals and Informal CAregivers (SCOHPICA).&nbsp;<\/p>\n<!-- \/wp:paragraph -->\n\n<!-- wp:paragraph -->\n<p>In italiano: coorte svizzera di professionisti\/e della salute e familiari curanti.<\/p>\n<!-- \/wp:paragraph --><\/div>\n<\/div>                    <div class=\"tab\">\n    <input type=\"checkbox\" id=\"tab-tab-1183\">\n    <label class=\"flex cursor-pointer tab-label\" for=\"tab-tab-1183\">\n        <span class=\"text-lg leading-tight md:text-xl text-gray-medium pr-6\">Che cos&#8217;\u00e8 una coorte?<\/span>\n    <\/label>\n    <div class=\"tab-content\"><!-- wp:paragraph {\"translatedWithWPMLTM\":\"1\"} -->\n<p>Una coorte \u00e8 un gruppo di persone che condividono alcune caratteristiche (in questo caso, un tipo di professione o l\u2019attivit\u00e0 di familiare curante) che viene seguito nel tempo (longitudinalmente).<\/p>\n<!-- \/wp:paragraph --><!-- wp:paragraph {\"translatedWithWPMLTM\":\"1\"} -->\n<p>L\u2019obiettivo di una coorte \u00e8 quello di raccogliere informazioni sul verificarsi e sull\u2019evoluzione di determinati fenomeni (in questo caso, la situazione professionale, il benessere o l\u2019intenzione di restare nella propria professione, e le condizioni di lavoro).<\/p>\n<!-- \/wp:paragraph --><!-- wp:paragraph -->\n<p><\/p>\n<!-- \/wp:paragraph --><\/div>\n<\/div>            \n<\/div>\n\n\n<div style=\"height:70px\" aria-hidden=\"true\" class=\"wp-block-spacer\"><\/div>\n\n\n\n<hr class=\"wp-block-separator has-text-color has-secondary-color has-alpha-channel-opacity has-secondary-background-color has-background is-style-default\"\/>\n\n\n\n<div style=\"height:70px\" aria-hidden=\"true\" class=\"wp-block-spacer\"><\/div>\n\n\n\n<h3 class=\"wp-block-heading has-text-align-center has-primary-color has-text-color\"><strong><strong>Posso partecipare a questo studio?<\/strong><\/strong><\/h3>\n\n\n\n<div style=\"height:20px\" aria-hidden=\"true\" class=\"wp-block-spacer\"><\/div>\n\n\n\n<div id=\"faq-block_2dfad167032f9f66b0065a0ab22a3821\" class=\"block-faq grid md:gap-x-8 gap-x-4 items-start grid-cols-1 md:grid-cols-2\">\n\n                        <div class=\"tab\">\n    <input type=\"checkbox\" id=\"tab-tab-1185\">\n    <label class=\"flex cursor-pointer tab-label\" for=\"tab-tab-1185\">\n        <span class=\"text-lg leading-tight md:text-xl text-gray-medium pr-6\">Sono un\/a familiare curante?<\/span>\n    <\/label>\n    <div class=\"tab-content\"><!-- wp:paragraph -->\n<p>I\/Le familiari curanti sono persone di ogni fascia d\u2019et\u00e0 che assistono una persona alla quale si sentono legati\/e o nei confronti della quale si sentono in obbligo.<\/p>\n<!-- \/wp:paragraph -->\n\n<!-- wp:paragraph -->\n<p>Forniscono sostegno nell\u2019affrontare e organizzare la quotidianit\u00e0 a una persona che per motivi di salute non \u00e8 pi\u00f9 in grado di provvedervi da sola.<\/p>\n<!-- \/wp:paragraph -->\n\n<!-- wp:paragraph -->\n<p>Fra le cause che determinano il bisogno di assistenza rientrano patologie fisiche e psichiche, disabilit\u00e0 e fragilit\u00e0.<\/p>\n<!-- \/wp:paragraph -->\n\n<!-- wp:paragraph -->\n<p>Si applica il concetto di familiari curanti quando questo sostegno viene fornito per un periodo prolungato e in misura sostanziale.&nbsp;<\/p>\n<!-- \/wp:paragraph -->\n\n<!-- wp:paragraph -->\n<p>Se si riconosce in questa descrizione, partecipi! Non \u00e8 sicuro\/a di essere un\/a familiare curante? <a href=\"https:\/\/www.giornata-familiari-curanti.ch\/familiare-curante\/?_gl=1*p6fjai*_ga*NDQ0NjY1NzkzLjE3MzYzMzk4Mzk.*_ga_02H03JPZKH*MTczNjMzOTgzOC4xLjEuMTczNjM0MDkxNS4wLjAuMA..\">Faccia il test!<\/a><\/p>\n<!-- \/wp:paragraph --><\/div>\n<\/div>                    <div class=\"tab\">\n    <input type=\"checkbox\" id=\"tab-tab-1187\">\n    <label class=\"flex cursor-pointer tab-label\" for=\"tab-tab-1187\">\n        <span class=\"text-lg leading-tight md:text-xl text-gray-medium pr-6\">Quali\/e professionisti\/e della salute possono partecipare a questo studio?<\/span>\n    <\/label>\n    <div class=\"tab-content\"><!-- wp:paragraph {\"translatedWithWPMLTM\":\"1\"} -->\n<p>Tutti\/e i\/le professionisti\/e della salute che praticano la medicina clinica in Svizzera e lavorano a diretto contatto con i pazienti, a prescindere dal loro campo di attivit\u00e0 o dal luogo in cui si trovano (ospedale, ambulatorio, comunit\u00e0, casa) e dallo status (dipendente o autonomo).<\/p>\n<!-- \/wp:paragraph --><!-- wp:paragraph -->\n<p><\/p>\n<!-- \/wp:paragraph --><\/div>\n<\/div>                    <div class=\"tab\">\n    <input type=\"checkbox\" id=\"tab-tab-1189\">\n    <label class=\"flex cursor-pointer tab-label\" for=\"tab-tab-1189\">\n        <span class=\"text-lg leading-tight md:text-xl text-gray-medium pr-6\">Sono un\/a professionista della salute, ma non ho contatti con i\/le pazienti nell\u2019ambito della mia attivit\u00e0 professionale. Posso partecipare?<\/span>\n    <\/label>\n    <div class=\"tab-content\"><!-- wp:paragraph {\"translatedWithWPMLTM\":\"1\"} -->\n<p>No. \u00c8 possibile partecipare a questo progetto solo se si ha un contatto diretto con i\/le pazienti, poich\u00e9 le domande non sarebbero pertinenti per la tua situazione.<\/p>\n<!-- \/wp:paragraph --><\/div>\n<\/div>                    <div class=\"tab\">\n    <input type=\"checkbox\" id=\"tab-tab-1191\">\n    <label class=\"flex cursor-pointer tab-label\" for=\"tab-tab-1191\">\n        <span class=\"text-lg leading-tight md:text-xl text-gray-medium pr-6\">Sono un\/a professionista della salute e\/o un\/a familiare curante da meno di un anno, posso partecipare comunque?<\/span>\n    <\/label>\n    <div class=\"tab-content\"><!-- wp:paragraph {\"translatedWithWPMLTM\":\"1\"} -->\n<p>S\u00ec! Entra a far parte della coorte e potrai indicarci l&#8217;evoluzione della tua attivit\u00e0 nel corso degli anni. <\/p>\n<!-- \/wp:paragraph --><\/div>\n<\/div>                    <div class=\"tab\">\n    <input type=\"checkbox\" id=\"tab-tab-1193\">\n    <label class=\"flex cursor-pointer tab-label\" for=\"tab-tab-1193\">\n        <span class=\"text-lg leading-tight md:text-xl text-gray-medium pr-6\">Sono un\/a professionista della salute o familiare curante e vorrei partecipare al progetto, ma non ho compilato i questionari precedenti. Come posso fare?<\/span>\n    <\/label>\n    <div class=\"tab-content\"><!-- wp:paragraph {\"translatedWithWPMLTM\":\"1\"} -->\n<p>Visita la pagina \u201cDesidero partecipare\u201d cliccando sulla mano in basso a sinistra dello schermo per sapere quando sar\u00e0 aperta la prossima raccolta dati per i\/le professionisti\/e della salute o i familiari curanti. Potrai quindi iniziare come nuovo\/a partecipante a partire dalla stessa pagina. <\/p>\n<!-- \/wp:paragraph --><\/div>\n<\/div>            \n<\/div>\n\n\n<div style=\"height:70px\" aria-hidden=\"true\" class=\"wp-block-spacer\"><\/div>\n\n\n\n<hr class=\"wp-block-separator has-text-color has-secondary-color has-alpha-channel-opacity has-secondary-background-color has-background is-style-default\"\/>\n\n\n\n<div style=\"height:70px\" aria-hidden=\"true\" id=\"section-1\" class=\"wp-block-spacer\"><\/div>\n\n\n\n<h3 class=\"wp-block-heading has-text-align-center has-primary-color has-text-color\"><strong><strong><strong>Vorrei partecipare, come funziona?<\/strong><\/strong><\/strong><\/h3>\n\n\n\n<div style=\"height:20px\" aria-hidden=\"true\" class=\"wp-block-spacer\"><\/div>\n\n\n\n<div id=\"faq-block_e8ac4233e8662c6e8f1c1aaf459fc406\" class=\"block-faq grid md:gap-x-8 gap-x-4 items-start grid-cols-1 md:grid-cols-2\">\n\n                        <div class=\"tab\">\n    <input type=\"checkbox\" id=\"tab-tab-1195\">\n    <label class=\"flex cursor-pointer tab-label\" for=\"tab-tab-1195\">\n        <span class=\"text-lg leading-tight md:text-xl text-gray-medium pr-6\">Come si fa a partecipare?<\/span>\n    <\/label>\n    <div class=\"tab-content\"><!-- wp:paragraph {\"translatedWithWPMLTM\":\"1\"} -->\n<p>\u00c8 sufficiente visitare la pagina \u201cDesidero partecipare\u201d cliccando sulla mano in basso a sinistra dello schermo per sapere quando sar\u00e0 aperta la prossima raccolta dati per i\/le professionisti\/e della salute o i\/le familiari curanti.<\/p>\n<!-- \/wp:paragraph --><!-- wp:paragraph {\"translatedWithWPMLTM\":\"1\"} -->\n<p>Attenzione: se hai gi\u00e0 partecipato in un anno precedente e hai lasciato il tuo indirizzo e-mail per essere ricontattato\/a, riceverai un messaggio personale che ti inviter\u00e0 a proseguire la partecipazione. \u00c8 importante utilizzare il link presente nell\u2019e-mail per accedere al questionario, poich\u00e9 permette di collegare le nuove risposte a quelle precedenti.<br\/>Se non sei sicuro\/a di aver gi\u00e0 partecipato, puoi scrivere a scohpica@unisante.ch.  <\/p>\n<!-- \/wp:paragraph --><\/div>\n<\/div>                    <div class=\"tab\">\n    <input type=\"checkbox\" id=\"tab-tab-1197\">\n    <label class=\"flex cursor-pointer tab-label\" for=\"tab-tab-1197\">\n        <span class=\"text-lg leading-tight md:text-xl text-gray-medium pr-6\">Come si svolger\u00e0 la mia partecipazione a questo studio?<\/span>\n    <\/label>\n    <div class=\"tab-content\"><!-- wp:paragraph -->\n<p>Questo studio assume la forma di un questionario elettronico della durata di 30-45 minuti da compilare ogni anno. Il questionario pu\u00f2 essere compilato su un computer, su un tablet o su uno smartphone.&nbsp;<\/p>\n<!-- \/wp:paragraph -->\n\n<!-- wp:paragraph -->\n<p>Potrebbe anche esserle richiesto di partecipare a un\u2019intervista ogni due anni se si registra alla fine del questionario elettronico per riceverla.<\/p>\n<!-- \/wp:paragraph --><\/div>\n<\/div>                    <div class=\"tab\">\n    <input type=\"checkbox\" id=\"tab-tab-1203\">\n    <label class=\"flex cursor-pointer tab-label\" for=\"tab-tab-1203\">\n        <span class=\"text-lg leading-tight md:text-xl text-gray-medium pr-6\">Che tipo di domande mi verranno poste (professionisti\/e della salute)?<\/span>\n    <\/label>\n    <div class=\"tab-content\"><!-- wp:paragraph {\"translatedWithWPMLTM\":\"1\"} -->\n<p>Faremo alcune domande su di te e sulla tua professione (ad esempio, genere, et\u00e0, stato civile, professione, stipendio, tasso di attivit\u00e0, orari, settore professionale, background professionale fino all\u2019attivit\u00e0 attuale, ecc.).<\/p>\n<!-- \/wp:paragraph --><!-- wp:paragraph {\"translatedWithWPMLTM\":\"1\"} -->\n<p>Quindi ti faremo domande di tipo organizzativo (ad esempio, sul ritmo di lavoro, sull\u2019equilibrio tra lavoro e vita privata, sui rapporti con i\/le responsabili, sul coinvolgimento nel processo decisionale, sul senso di appartenenza a una comunit\u00e0, sulla collaborazione interprofessionale, sul riconoscimento, ecc.)<\/p>\n<!-- \/wp:paragraph --><!-- wp:paragraph {\"translatedWithWPMLTM\":\"1\"} -->\n<p>Ci saranno anche domande sulla tua esperienza lavorativa (comprese domande sul benessere e sulla tua salute, sulla tua intenzione di continuare a esercitare o di abbandonare la professione e sulla tua soddisfazione).<\/p>\n<!-- \/wp:paragraph --><\/div>\n<\/div>                    <div class=\"tab\">\n    <input type=\"checkbox\" id=\"tab-tab-1205\">\n    <label class=\"flex cursor-pointer tab-label\" for=\"tab-tab-1205\">\n        <span class=\"text-lg leading-tight md:text-xl text-gray-medium pr-6\">Che tipo di domande mi verranno poste (familiari curanti)?<\/span>\n    <\/label>\n    <div class=\"tab-content\"><!-- wp:paragraph {\"translatedWithWPMLTM\":\"1\"} -->\n<p>Verranno poste domande su di te e sulla tua situazione di familiare curante (ad esempio l&#8217;et\u00e0, il livello di istruzione, la situazione professionale, il tempo dedicato alla persona assistita e la tipologia di attivit\u00e0 svolte, ecc.).<\/p>\n<!-- \/wp:paragraph --><!-- wp:paragraph {\"translatedWithWPMLTM\":\"1\"} -->\n<p>Successivamente, verranno poste domande pi\u00f9 specifiche, come da quanto tempo assisti il tuo familiare, se condividete lo stesso domicilio e la qualit\u00e0 del rapporto con la persona assistita.<\/p>\n<!-- \/wp:paragraph --><!-- wp:paragraph {\"translatedWithWPMLTM\":\"1\"} -->\n<p>Ti chiederemo inoltre informazioni sulla tua esperienza, sul tuo benessere e sull\u2019eventuale supporto che ricevi.<\/p>\n<!-- \/wp:paragraph --><\/div>\n<\/div>                    <div class=\"tab\">\n    <input type=\"checkbox\" id=\"tab-tab-1207\">\n    <label class=\"flex cursor-pointer tab-label\" for=\"tab-tab-1207\">\n        <span class=\"text-lg leading-tight md:text-xl text-gray-medium pr-6\">Cosa succede se non desidero pi\u00f9 partecipare?<\/span>\n    <\/label>\n    <div class=\"tab-content\"><!-- wp:paragraph {\"translatedWithWPMLTM\":\"1\"} -->\n<p>La partecipazione a questo studio \u00e8 libera. Se non vuoi partecipare o non vuoi pi\u00f9 partecipare, puoi ritirarti in qualsiasi momento senza giustificazione. <\/p>\n<!-- \/wp:paragraph --><\/div>\n<\/div>                    <div class=\"tab\">\n    <input type=\"checkbox\" id=\"tab-tab-1209\">\n    <label class=\"flex cursor-pointer tab-label\" for=\"tab-tab-1209\">\n        <span class=\"text-lg leading-tight md:text-xl text-gray-medium pr-6\">Sono obbligato\/a a partecipare al colloquio se mi sono iscritto\/a e vengo selezionato\/a?<\/span>\n    <\/label>\n    <div class=\"tab-content\"><!-- wp:paragraph {\"translatedWithWPMLTM\":\"1\"} -->\n<p>No, la partecipazione non \u00e8 mai obbligatoria.<\/p>\n<!-- \/wp:paragraph --><\/div>\n<\/div>                    <div class=\"tab\">\n    <input type=\"checkbox\" id=\"tab-tab-1211\">\n    <label class=\"flex cursor-pointer tab-label\" for=\"tab-tab-1211\">\n        <span class=\"text-lg leading-tight md:text-xl text-gray-medium pr-6\">Perch\u00e9 dovrei partecipare (professionisti\/e della salute)?<\/span>\n    <\/label>\n    <div class=\"tab-content\"><!-- wp:paragraph {\"translatedWithWPMLTM\":\"1\"} -->\n<p>La tua partecipazione \u00e8 essenziale per comprendere i motivi per cui i\/le professionisti della salute continuano a esercitare o abbandonano la professione. Le tue risposte permetteranno di identificare quali sono le condizioni che permettono alle persone di sentirsi a proprio agio e quelle in cui \u00e8 necessario apportare miglioramenti.<\/p>\n<!-- \/wp:paragraph --><!-- wp:paragraph {\"translatedWithWPMLTM\":\"1\"} -->\n<p>In questo modo, contribuirai a migliorare il supporto ai\/alle professionisti\/e della salute in Svizzera e a migliorare il loro status.<\/p>\n<!-- \/wp:paragraph --><\/div>\n<\/div>                    <div class=\"tab\">\n    <input type=\"checkbox\" id=\"tab-tab-1212\">\n    <label class=\"flex cursor-pointer tab-label\" for=\"tab-tab-1212\">\n        <span class=\"text-lg leading-tight md:text-xl text-gray-medium pr-6\">Perch\u00e9 dovrei partecipare (familiari curanti)?<\/span>\n    <\/label>\n    <div class=\"tab-content\"><!-- wp:paragraph {\"translatedWithWPMLTM\":\"1\"} -->\n<p>La tua partecipazione \u00e8 essenziale per individuare le condizioni ottimali per la pratica dei\/delle familiari curanti, per il loro benessere e per proporre soluzioni concrete volte a sostenerli\/e.<\/p>\n<!-- \/wp:paragraph --><\/div>\n<\/div>                    <div class=\"tab\">\n    <input type=\"checkbox\" id=\"tab-tab-1215\">\n    <label class=\"flex cursor-pointer tab-label\" for=\"tab-tab-1215\">\n        <span class=\"text-lg leading-tight md:text-xl text-gray-medium pr-6\">Quali rischi comporta la partecipazione a questo studio?<\/span>\n    <\/label>\n    <div class=\"tab-content\"><!-- wp:paragraph {\"translatedWithWPMLTM\":\"1\"} -->\n<p>Non vi \u00e8 alcun rischio.<\/p>\n<!-- \/wp:paragraph --><\/div>\n<\/div>                    <div class=\"tab\">\n    <input type=\"checkbox\" id=\"tab-tab-1217\">\n    <label class=\"flex cursor-pointer tab-label\" for=\"tab-tab-1217\">\n        <span class=\"text-lg leading-tight md:text-xl text-gray-medium pr-6\">Sar\u00f2 remunerato\/a?<\/span>\n    <\/label>\n    <div class=\"tab-content\"><!-- wp:paragraph {\"translatedWithWPMLTM\":\"1\"} -->\n<p>Non \u00e8 prevista alcuna remunerazione. <\/p>\n<!-- \/wp:paragraph --><!-- wp:paragraph {\"translatedWithWPMLTM\":\"1\"} -->\n<p>D\u2019altro canto, contribuisce a migliorare le condizioni di lavoro dei\/delle professionisti\/e della salute o all\u2019elaborazione di soluzioni concrete per riconoscere formalmente e sostenere i familiari curanti.<\/p>\n<!-- \/wp:paragraph --><!-- wp:paragraph -->\n<p><\/p>\n<!-- \/wp:paragraph --><\/div>\n<\/div>            \n<\/div>\n\n\n<div style=\"height:70px\" aria-hidden=\"true\" class=\"wp-block-spacer\"><\/div>\n\n\n\n<hr class=\"wp-block-separator has-text-color has-secondary-color has-alpha-channel-opacity has-secondary-background-color has-background is-style-default\"\/>\n\n\n\n<div style=\"height:70px\" aria-hidden=\"true\" class=\"wp-block-spacer\"><\/div>\n\n\n\n<h3 class=\"wp-block-heading has-text-align-center has-primary-color has-text-color\"><strong><strong><strong><strong>Mi piacerebbe partecipare, ma ho alcune domande sull&#8217;anonimato dei miei dati<\/strong><\/strong><\/strong><\/strong><\/h3>\n\n\n\n<div style=\"height:20px\" aria-hidden=\"true\" class=\"wp-block-spacer\"><\/div>\n\n\n\n<div id=\"faq-block_482743d0c68b38390167ab39368d9f49\" class=\"block-faq grid md:gap-x-8 gap-x-4 items-start grid-cols-1 md:grid-cols-2\">\n\n                        <div class=\"tab\">\n    <input type=\"checkbox\" id=\"tab-tab-1219\">\n    <label class=\"flex cursor-pointer tab-label\" for=\"tab-tab-1219\">\n        <span class=\"text-lg leading-tight md:text-xl text-gray-medium pr-6\">Il\/La mio\/a responsabile o l\u2019ente per cui lavoro potrebbero riconoscermi?<\/span>\n    <\/label>\n    <div class=\"tab-content\"><!-- wp:paragraph -->\n<p>No.&nbsp;<\/p>\n<!-- \/wp:paragraph -->\n\n<!-- wp:paragraph -->\n<p>Questo progetto \u00e8 realizzato in conformit\u00e0 con i requisiti della legislazione svizzera. Inoltre, seguiamo tutte le linee guida riconosciute a livello internazionale. Il progetto \u00e8 stato esaminato e autorizzato dal comitato etico competente.<\/p>\n<!-- \/wp:paragraph -->\n\n<!-- wp:paragraph -->\n<p>Tutte le risposte (a questionari e interviste) sono mantenute strettamente confidenziali (senza il suo nome) sul server riservato e protetto di Unisant\u00e9 situato in Svizzera.<\/p>\n<!-- \/wp:paragraph --><\/div>\n<\/div>                    <div class=\"tab\">\n    <input type=\"checkbox\" id=\"tab-tab-1221\">\n    <label class=\"flex cursor-pointer tab-label\" for=\"tab-tab-1221\">\n        <span class=\"text-lg leading-tight md:text-xl text-gray-medium pr-6\">La mia partecipazione a questo studio \u00e8 anonima (questionario)?<\/span>\n    <\/label>\n    <div class=\"tab-content\"><!-- wp:paragraph {\"translatedWithWPMLTM\":\"1\"} -->\n<p>Le tue risposte a questo questionario elettronico rimangono strettamente confidenziali. Solo alcuni membri del team di ricerca avranno accesso al database contenente il tuo indirizzo e-mail, al fine di poterti ricontattare ogni anno per partecipare ai nuovi questionari annuali.<\/p>\n<!-- \/wp:paragraph --><!-- wp:paragraph {\"translatedWithWPMLTM\":\"1\"} -->\n<p>Tutte le informazioni personali saranno rimosse in modo che non sia possibile identificarti personalmente nei risultati e nelle pubblicazioni di questo studio.<\/p>\n<!-- \/wp:paragraph --><\/div>\n<\/div>                    <div class=\"tab\">\n    <input type=\"checkbox\" id=\"tab-tab-1223\">\n    <label class=\"flex cursor-pointer tab-label\" for=\"tab-tab-1223\">\n        <span class=\"text-lg leading-tight md:text-xl text-gray-medium pr-6\">La mia partecipazione a questo studio \u00e8 anonima (interviste)?<\/span>\n    <\/label>\n    <div class=\"tab-content\"><!-- wp:paragraph {\"translatedWithWPMLTM\":\"1\"} -->\n<p>Solo il team di ricerca avr\u00e0 accesso alle registrazioni delle interviste e alle relative trascrizioni. Non \u00e8 possibile risalire alla tua identit\u00e0 attraverso i risultati. I dati sono trattati in modo confidenziale sul server riservato e protetto di Unisant\u00e9.<\/p>\n<!-- \/wp:paragraph --><!-- wp:paragraph {\"translatedWithWPMLTM\":\"1\"} -->\n<p>Tutte le registrazioni saranno distrutte al pi\u00f9 tardi 3 mesi dopo le interviste. Al termine dello studio, saranno conservate solo le trascrizioni, codificate, in una cartella ad accesso ristretto sui server di Unisant\u00e9. Tutte le informazioni personali saranno rimosse affinch\u00e9 non sia possibile identificarti personalmente nei risultati e nelle pubblicazioni di questo studio.<\/p>\n<!-- \/wp:paragraph --><\/div>\n<\/div>            \n<\/div>\n\n\n<div style=\"height:70px\" aria-hidden=\"true\" class=\"wp-block-spacer\"><\/div>\n\n\n\n<hr class=\"wp-block-separator has-text-color has-secondary-color has-alpha-channel-opacity has-secondary-background-color has-background is-style-default\"\/>\n\n\n\n<div style=\"height:70px\" aria-hidden=\"true\" class=\"wp-block-spacer\"><\/div>\n\n\n\n<h3 class=\"wp-block-heading has-text-align-center has-primary-color has-text-color\"><strong><strong><strong><strong><strong><strong><strong><strong><strong><strong><strong>Nella sezione \u201cDomande frequenti\u201d non ho trovato risposta a tutte le mie domande<\/strong><\/strong><\/strong><\/strong><\/strong><\/strong><\/strong><\/strong><\/strong><\/strong><\/strong><\/h3>\n\n\n\n<div style=\"height:20px\" aria-hidden=\"true\" class=\"wp-block-spacer\"><\/div>\n\n\n\n<h2 class=\"has-primary-color has-text-color wp-block-heading\"><strong><strong>Contatto<\/strong><\/strong><\/h2>\n\n\n\n<p>Per qualsiasi domanda o informazione:\u00a0<\/p>\n\n\n\n<div class=\"wp-block-columns is-layout-flex wp-container-core-columns-is-layout-9d6595d7 wp-block-columns-is-layout-flex\">\n<div class=\"wp-block-column is-layout-flow wp-block-column-is-layout-flow\" style=\"flex-basis:66.66%\">\n<div class=\"wp-block-group has-white-color has-primary-background-color has-text-color has-background ek-linked-block is-layout-flow wp-block-group-is-layout-flow\">\n<p class=\"is-style-no-margin has-white-color has-text-color\" style=\"text-transform:uppercase\"><strong>EMAIL<\/strong><\/p>\n\n\n\n<p class=\"is-style-no-margin has-white-color has-text-color\">scohpica@unisante.ch<\/p>\n<a href=\"mailto:scohpica@unisante.ch\" class=\"editorskit-block-link\" rel=\"\"><\/a><\/div>\n<\/div>\n\n\n\n<div class=\"wp-block-column is-layout-flow wp-block-column-is-layout-flow\" style=\"flex-basis:33.33%\"><\/div>\n<\/div>\n<\/div>\n\n\n\n<div class=\"wp-block-column is-layout-flow wp-block-column-is-layout-flow\"><\/div>\n<\/div>\n\n\n\n<div style=\"height:100px\" aria-hidden=\"true\" class=\"wp-block-spacer\"><\/div>\n","protected":false},"excerpt":{"rendered":"<p>Domande frequenti Ho alcune domande sul progetto.&nbsp; Posso partecipare a questo studio? Vorrei partecipare, come funziona? Mi piacerebbe partecipare, ma ho alcune domande sull&#8217;anonimato dei miei dati Nella sezione \u201cDomande frequenti\u201d non ho trovato risposta a tutte le mie domande<\/p>\n","protected":false},"author":6,"featured_media":0,"parent":0,"menu_order":3,"comment_status":"closed","ping_status":"closed","template":"","meta":{"_acf_changed":false,"_editorskit_title_hidden":false,"_editorskit_reading_time":0,"_editorskit_is_block_options_detached":false,"_editorskit_block_options_position":"{}","footnotes":""},"class_list":["post-5994","page","type-page","status-publish","hentry"],"acf":[],"_links":{"self":[{"href":"https:\/\/dev.scohpica.ch\/it\/wp-json\/wp\/v2\/pages\/5994","targetHints":{"allow":["GET"]}}],"collection":[{"href":"https:\/\/dev.scohpica.ch\/it\/wp-json\/wp\/v2\/pages"}],"about":[{"href":"https:\/\/dev.scohpica.ch\/it\/wp-json\/wp\/v2\/types\/page"}],"author":[{"embeddable":true,"href":"https:\/\/dev.scohpica.ch\/it\/wp-json\/wp\/v2\/users\/6"}],"replies":[{"embeddable":true,"href":"https:\/\/dev.scohpica.ch\/it\/wp-json\/wp\/v2\/comments?post=5994"}],"version-history":[{"count":4,"href":"https:\/\/dev.scohpica.ch\/it\/wp-json\/wp\/v2\/pages\/5994\/revisions"}],"predecessor-version":[{"id":6320,"href":"https:\/\/dev.scohpica.ch\/it\/wp-json\/wp\/v2\/pages\/5994\/revisions\/6320"}],"wp:attachment":[{"href":"https:\/\/dev.scohpica.ch\/it\/wp-json\/wp\/v2\/media?parent=5994"}],"curies":[{"name":"wp","href":"https:\/\/api.w.org\/{rel}","templated":true}]}}