{"id":5997,"date":"2022-09-12T13:58:26","date_gmt":"2022-09-12T11:58:26","guid":{"rendered":"https:\/\/dev.scohpica.ch\/faq\/"},"modified":"2026-03-16T09:59:36","modified_gmt":"2026-03-16T08:59:36","slug":"faq","status":"publish","type":"page","link":"https:\/\/dev.scohpica.ch\/de\/faq\/","title":{"rendered":"FAQ"},"content":{"rendered":"\n<div style=\"height:70px\" aria-hidden=\"true\" class=\"wp-block-spacer\"><\/div>\n\n<h4 class=\"wp-block-heading has-text-align-center is-style-no-margin has-secondary-color has-text-color\"><\/h4>\n\n<h1 class=\"wp-block-heading has-text-align-center has-primary-color has-text-color\"><strong>FAQ<\/strong><\/h1>\n\n<div style=\"height:100px\" aria-hidden=\"true\" class=\"wp-block-spacer\"><\/div>\n\n<div class=\"wp-block-columns is-layout-flex wp-container-core-columns-is-layout-9d6595d7 wp-block-columns-is-layout-flex\">\n<div class=\"wp-block-column is-layout-flow wp-block-column-is-layout-flow\"><\/div>\n\n\n\n<div class=\"wp-block-column is-layout-flow wp-block-column-is-layout-flow\" style=\"flex-basis:80%\">\n<h3 class=\"wp-block-heading has-text-align-center has-primary-color has-text-color\"><strong>Ich habe Fragen zu der Studie<\/strong><\/h3>\n\n\n\n<div style=\"height:20px\" aria-hidden=\"true\" class=\"wp-block-spacer\"><\/div>\n\n\n\n<div id=\"faq-block_217675ed24a8ec7b54f2428a0e3ba74b\" class=\"block-faq grid md:gap-x-8 gap-x-4 items-start grid-cols-1 md:grid-cols-2\">\n\n                        <div class=\"tab\">\n    <input type=\"checkbox\" id=\"tab-tab-957\">\n    <label class=\"flex cursor-pointer tab-label\" for=\"tab-tab-957\">\n        <span class=\"text-lg leading-tight md:text-xl text-gray-medium pr-6\">Was ist der Zweck dieses Projekts?<\/span>\n    <\/label>\n    <div class=\"tab-content\"><!-- wp:paragraph -->\n<p>SCOHPICA zielt darauf ab, die Werdeg\u00e4nge und Erfahrungen von Gesundheitsfachkr\u00e4ften und pflegenden Angeh\u00f6rigen besser zu verstehen und optimale Bedingungen f\u00fcr eine qualitativ optimale Berufspraxis und Begleitung von pflegenden Angeh\u00f6rigen zu identifizieren.<\/p>\n<!-- \/wp:paragraph -->\n\n<!-- wp:paragraph -->\n<p>Der Zweck ist die Ver\u00f6ffentlichung dieser Ergebnisse und die Verbesserung des Gesundheitssystems.<\/p>\n<!-- \/wp:paragraph --><\/div>\n<\/div>                    <div class=\"tab\">\n    <input type=\"checkbox\" id=\"tab-tab-959\">\n    <label class=\"flex cursor-pointer tab-label\" for=\"tab-tab-959\">\n        <span class=\"text-lg leading-tight md:text-xl text-gray-medium pr-6\">Was bedeutet SCOHPICA?<\/span>\n    <\/label>\n    <div class=\"tab-content\"><!-- wp:paragraph -->\n<p>Swiss COhort of Healthcare Professionals and Informal CAregivers (SCOHPICA).&nbsp;<\/p>\n<!-- \/wp:paragraph -->\n\n<!-- wp:paragraph -->\n<p>Auf Deutsch: Schweizer Kohorte der Gesundheitsfachkr\u00e4fte und pflegenden Angeh\u00f6rigen.<\/p>\n<!-- \/wp:paragraph --><\/div>\n<\/div>                    <div class=\"tab\">\n    <input type=\"checkbox\" id=\"tab-tab-961\">\n    <label class=\"flex cursor-pointer tab-label\" for=\"tab-tab-961\">\n        <span class=\"text-lg leading-tight md:text-xl text-gray-medium pr-6\">Was ist eine Kohorte?<\/span>\n    <\/label>\n    <div class=\"tab-content\"><!-- wp:paragraph {\"translatedWithWPMLTM\":\"1\"} -->\n<p>Eine Kohorte ist eine Gruppe von Personen, die bestimmte Merkmale teilen (hier: eine Berufsart oder die T\u00e4tigkeit als pflegende Angeh\u00f6rige) und die \u00fcber einen l\u00e4ngeren Zeitraum (L\u00e4ngsschnittstudie) beobachtet wird.<\/p>\n<!-- \/wp:paragraph --><!-- wp:paragraph {\"translatedWithWPMLTM\":\"1\"} -->\n<p>Das Ziel einer Kohorte ist es, Informationen \u00fcber das Auftreten und die Entwicklung bestimmter Ph\u00e4nomene zu sammeln (hier: die berufliche Situation, das Wohlbefinden, die Absicht, im Beruf zu bleiben, und die Arbeitsbedingungen).<\/p>\n<!-- \/wp:paragraph --><!-- wp:paragraph -->\n<p><\/p>\n<!-- \/wp:paragraph --><\/div>\n<\/div>            \n<\/div>\n\n\n<div style=\"height:70px\" aria-hidden=\"true\" class=\"wp-block-spacer\"><\/div>\n\n\n\n<hr class=\"wp-block-separator has-text-color has-secondary-color has-alpha-channel-opacity has-secondary-background-color has-background is-style-default\"\/>\n\n\n\n<div style=\"height:70px\" aria-hidden=\"true\" class=\"wp-block-spacer\"><\/div>\n\n\n\n<h3 class=\"wp-block-heading has-text-align-center has-primary-color has-text-color\"><strong><strong>Kann ich an dieser Studie teilnehmen?<\/strong><\/strong><\/h3>\n\n\n\n<div style=\"height:20px\" aria-hidden=\"true\" class=\"wp-block-spacer\"><\/div>\n\n\n\n<div id=\"faq-block_5c94011770a4825a0224869ebf618df2\" class=\"block-faq grid md:gap-x-8 gap-x-4 items-start grid-cols-1 md:grid-cols-2\">\n\n                        <div class=\"tab\">\n    <input type=\"checkbox\" id=\"tab-tab-963\">\n    <label class=\"flex cursor-pointer tab-label\" for=\"tab-tab-963\">\n        <span class=\"text-lg leading-tight md:text-xl text-gray-medium pr-6\">Bin ich ein*e pflegende*r Angeh\u00f6rige*r?<\/span>\n    <\/label>\n    <div class=\"tab-content\"><!-- wp:paragraph -->\n<p>Pflegende Angeh\u00f6rige sind Personen aller Altersgruppen, die eine Person, der sie nahestehen oder weil sie sich dazu verpflichtet f\u00fchlen, unterst\u00fctzen.<\/p>\n<!-- \/wp:paragraph -->\n\n<!-- wp:paragraph -->\n<p>Sie helfen der Person bei allt\u00e4glichen Aufgaben, wenn sie aus gesundheitlichen Gr\u00fcnden diese alleine nicht mehr aus\u00fcben kann.<\/p>\n<!-- \/wp:paragraph -->\n\n<!-- wp:paragraph -->\n<p>Diese Abh\u00e4ngigkeit kann durch eine physische oder psychische Krankheit, eine Behinderung oder Gebrechlichkeit verursacht werden.<\/p>\n<!-- \/wp:paragraph -->\n\n<!-- wp:paragraph -->\n<p>Von pflegenden Angeh\u00f6rigen spricht man, wenn die Unterst\u00fctzung dauerhaft geleistet wird und den Angeh\u00f6rigen in hohem Masse beansprucht.<\/p>\n<!-- \/wp:paragraph -->\n\n<!-- wp:paragraph -->\n<p>Wenn Sie sich in dieser Beschreibung wiedererkennen, machen Sie mit! Sind Sie sich nicht sicher, ob Sie ein*e pflegende*r Angeh\u00f6rige*r sind? <a href=\"https:\/\/www.betreuende-angehoerige-tag.ch\/betreuende-angehoerige\/?_gl=1*v8b2qm*_ga*NDQ0NjY1NzkzLjE3MzYzMzk4Mzk.*_ga_02H03JPZKH*MTczNjMzOTgzOC4xLjEuMTczNjM0MDQxOS4wLjAuMA..\">Machen Sie den Test!<\/a><\/p>\n<!-- \/wp:paragraph --><\/div>\n<\/div>                    <div class=\"tab\">\n    <input type=\"checkbox\" id=\"tab-tab-965\">\n    <label class=\"flex cursor-pointer tab-label\" for=\"tab-tab-965\">\n        <span class=\"text-lg leading-tight md:text-xl text-gray-medium pr-6\">Welche Gesundheitsfachkr\u00e4fte k\u00f6nnen an dieser Studie teilnehmen?<\/span>\n    <\/label>\n    <div class=\"tab-content\"><!-- wp:paragraph -->\n<p>Alle Gesundheitsfachkr\u00e4fte, die in der Schweiz eine klinische T\u00e4tigkeit aus\u00fcben, unabh\u00e4ngig von ihrem T\u00e4tigkeitsbereich und -ort (station\u00e4r, ambulant, in einer Gemeinschaft, zu Hause) und ihrem Status (angestellt oder selbstst\u00e4ndig).<\/p>\n<!-- \/wp:paragraph --><\/div>\n<\/div>                    <div class=\"tab\">\n    <input type=\"checkbox\" id=\"tab-tab-967\">\n    <label class=\"flex cursor-pointer tab-label\" for=\"tab-tab-967\">\n        <span class=\"text-lg leading-tight md:text-xl text-gray-medium pr-6\">Ich bin Gesundheitsfachperson, habe aber im Rahmen meiner beruflichen T\u00e4tigkeit keinen Kontakt zu Patienten*innen. Kann ich teilnehmen?<\/span>\n    <\/label>\n    <div class=\"tab-content\"><!-- wp:paragraph -->\n<p>Nein. Sie k\u00f6nnen nur an dieser Studie teilnehmen, wenn Sie direkten Kontakt mit Patienten*innen haben.<\/p>\n<!-- \/wp:paragraph --><\/div>\n<\/div>                    <div class=\"tab\">\n    <input type=\"checkbox\" id=\"tab-tab-969\">\n    <label class=\"flex cursor-pointer tab-label\" for=\"tab-tab-969\">\n        <span class=\"text-lg leading-tight md:text-xl text-gray-medium pr-6\">Ich bin seit weniger als einem Jahr Gesundheitsfachkraft und\/oder pflegende*r Angeh\u00f6rige*r. Darf ich trotzdem teilnehmen?<\/span>\n    <\/label>\n    <div class=\"tab-content\"><!-- wp:paragraph -->\n<p>Ja! Treten Sie der Kohorte bei und berichten Sie uns, wie sich Ihre beruflichen Erfahrungen im Laufe der Jahre entwickeln.<\/p>\n<!-- \/wp:paragraph --><\/div>\n<\/div>                    <div class=\"tab\">\n    <input type=\"checkbox\" id=\"tab-tab-971\">\n    <label class=\"flex cursor-pointer tab-label\" for=\"tab-tab-971\">\n        <span class=\"text-lg leading-tight md:text-xl text-gray-medium pr-6\">Ich bin Gesundheitsfachkraft oder pflegende*r Angeh\u00f6rige*r und m\u00f6chte mich dem Projekt anschliessen, habe aber die vorherigen Frageb\u00f6gen nicht ausgef\u00fcllt. Wie soll ich vorgehen?<\/span>\n    <\/label>\n    <div class=\"tab-content\"><!-- wp:paragraph -->\n<p>Das ist kein Problem, Sie k\u00f6nnen ab sofort teilnehmen. Kontaktieren Sie <a href=\"mailto:scohpica@unisante.ch\">scohpica@unisante.ch<\/a>, um sich anzumelden und den n\u00e4chsten Fragebogen zu erhalten.<\/p>\n<!-- \/wp:paragraph --><\/div>\n<\/div>            \n<\/div>\n\n\n<div style=\"height:70px\" aria-hidden=\"true\" class=\"wp-block-spacer\"><\/div>\n\n\n\n<hr class=\"wp-block-separator has-text-color has-secondary-color has-alpha-channel-opacity has-secondary-background-color has-background is-style-default\"\/>\n\n\n\n<div style=\"height:70px\" aria-hidden=\"true\" id=\"section-1\" class=\"wp-block-spacer\"><\/div>\n\n\n\n<h3 class=\"wp-block-heading has-text-align-center has-primary-color has-text-color\"><strong><strong><strong>Ich w\u00fcrde gerne teilnehmen, wie l\u00e4uft das ab?<\/strong><\/strong><\/strong><\/h3>\n\n\n\n<div style=\"height:20px\" aria-hidden=\"true\" class=\"wp-block-spacer\"><\/div>\n\n\n\n<div id=\"faq-block_53ec42d40b1023001bb28ba331ad71e1\" class=\"block-faq grid md:gap-x-8 gap-x-4 items-start grid-cols-1 md:grid-cols-2\">\n\n                        <div class=\"tab\">\n    <input type=\"checkbox\" id=\"tab-tab-973\">\n    <label class=\"flex cursor-pointer tab-label\" for=\"tab-tab-973\">\n        <span class=\"text-lg leading-tight md:text-xl text-gray-medium pr-6\">Wie kann ich teilnehmen?<\/span>\n    <\/label>\n    <div class=\"tab-content\"><!-- wp:paragraph -->\n<p>Klicken Sie einfach auf \u00abIch nehme teil\u00bb im schwebenden Fenster auf der linken Seite.<\/p>\n<!-- \/wp:paragraph -->\n\n<!-- wp:paragraph -->\n<p>Sie werden dann detaillierte Informationen erhalten und Ihre Zustimmung zur Teilnahme wird eingeholt. Nach Ihrer Zustimmung werden Sie zum Fragebogen f\u00fcr die Aufnahme in die Kohorte weitergeleitet.<\/p>\n<!-- \/wp:paragraph --><\/div>\n<\/div>                    <div class=\"tab\">\n    <input type=\"checkbox\" id=\"tab-tab-975\">\n    <label class=\"flex cursor-pointer tab-label\" for=\"tab-tab-975\">\n        <span class=\"text-lg leading-tight md:text-xl text-gray-medium pr-6\">Wie wird meine Teilnahme an dieser Studie ablaufen?<\/span>\n    <\/label>\n    <div class=\"tab-content\"><!-- wp:paragraph -->\n<p>Die Studie wird jedes Jahr in Form eines elektronischen Fragebogens durchgef\u00fchrt, f\u00fcr den Sie 30 bis 45 Minuten ben\u00f6tigen. Der Fragebogen kann auf einem Computer, Tablet oder Smartphone ausgef\u00fcllt werden.<\/p>\n<!-- \/wp:paragraph -->\n\n<!-- wp:paragraph -->\n<p>Sie werden m\u00f6glicherweise auch alle zwei Jahre zu einem pers\u00f6nlichen Gespr\u00e4ch gebeten, wenn Sie sich am Ende des elektronischen Fragebogens daf\u00fcr anmelden.<\/p>\n<!-- \/wp:paragraph --><\/div>\n<\/div>                    <div class=\"tab\">\n    <input type=\"checkbox\" id=\"tab-tab-977\">\n    <label class=\"flex cursor-pointer tab-label\" for=\"tab-tab-977\">\n        <span class=\"text-lg leading-tight md:text-xl text-gray-medium pr-6\">Welche Arten von Fragen werden mir gestellt (f\u00fcr Gesundheitsfachkr\u00e4fte)?<\/span>\n    <\/label>\n    <div class=\"tab-content\"><!-- wp:paragraph -->\n<p>Wir werden Ihnen einige Fragen zu Ihrer Person und Ihrem Beruf stellen (z. B. Geschlecht, Alter, Zivilstand, Beruf, Gehalt, Besch\u00e4ftigungsgrad, Arbeitszeiten, Berufsfeld, beruflicher Werdegang bis zu Ihrer derzeitigen T\u00e4tigkeit usw.).<\/p>\n<!-- \/wp:paragraph -->\n\n<!-- wp:paragraph -->\n<p>Anschliessend werden wir Ihnen organisatorische Fragen stellen (z. B. zu Ihrem Arbeitsrhythmus, der Work-Life-Balance, den Beziehungen zu Ihren Vorgesetzten, der Beteiligung an Entscheidungsprozessen, dem Gemeinschaftsgef\u00fchl, der interprofessionellen Zusammenarbeit, der Anerkennung usw.).<\/p>\n<!-- \/wp:paragraph -->\n\n<!-- wp:paragraph -->\n<p>Es werden auch Fragen zu Ihren Erfahrungen im Zusammenhang mit Ihrer Arbeit gestellt (einschliesslich Fragen zu Ihrem Wohlbefinden und Ihrer Gesundheit, Ihrer Absicht, zu bleiben oder zu gehen und zur Zufriedenheit).<\/p>\n<!-- \/wp:paragraph --><\/div>\n<\/div>                    <div class=\"tab\">\n    <input type=\"checkbox\" id=\"tab-tab-979\">\n    <label class=\"flex cursor-pointer tab-label\" for=\"tab-tab-979\">\n        <span class=\"text-lg leading-tight md:text-xl text-gray-medium pr-6\">Welche Arten von Fragen werden mir gestellt (f\u00fcr betreuende Angeh\u00f6rige)?<\/span>\n    <\/label>\n    <div class=\"tab-content\"><!-- wp:paragraph -->\n<p>Der Fragebogen f\u00fcr pflegende Angeh\u00f6rige ist noch nicht ausgearbeitet.<\/p>\n<!-- \/wp:paragraph --><\/div>\n<\/div>                    <div class=\"tab\">\n    <input type=\"checkbox\" id=\"tab-tab-981\">\n    <label class=\"flex cursor-pointer tab-label\" for=\"tab-tab-981\">\n        <span class=\"text-lg leading-tight md:text-xl text-gray-medium pr-6\">Was passiert, wenn ich nicht mehr teilnehmen m\u00f6chte?<\/span>\n    <\/label>\n    <div class=\"tab-content\"><!-- wp:paragraph -->\n<p>Ihre Teilnahme an dieser Studie ist freiwillig. Wenn Sie nicht oder nicht mehr daran teilnehmen m\u00f6chten, k\u00f6nnen Sie jederzeit ohne Angabe von Gr\u00fcnden aufh\u00f6ren.<\/p>\n<!-- \/wp:paragraph --><\/div>\n<\/div>                    <div class=\"tab\">\n    <input type=\"checkbox\" id=\"tab-tab-983\">\n    <label class=\"flex cursor-pointer tab-label\" for=\"tab-tab-983\">\n        <span class=\"text-lg leading-tight md:text-xl text-gray-medium pr-6\">Bin ich verpflichtet, an dem pers\u00f6nlichen Gespr\u00e4ch teilzunehmen, wenn ich mich daf\u00fcr angemeldet habe und ausgew\u00e4hlt wurde?<\/span>\n    <\/label>\n    <div class=\"tab-content\"><!-- wp:paragraph -->\n<p>Nein, die Teilnahme ist nie verpflichtend.<\/p>\n<!-- \/wp:paragraph --><\/div>\n<\/div>                    <div class=\"tab\">\n    <input type=\"checkbox\" id=\"tab-tab-985\">\n    <label class=\"flex cursor-pointer tab-label\" for=\"tab-tab-985\">\n        <span class=\"text-lg leading-tight md:text-xl text-gray-medium pr-6\">Warum sollte ich teilnehmen (Gesundheitsfachkr\u00e4fte)?<\/span>\n    <\/label>\n    <div class=\"tab-content\"><!-- wp:paragraph -->\n<p>Ihre Teilnahme ist f\u00fcr das Verst\u00e4ndnis der Gr\u00fcnde, warum Gesundheitsfachleute (wie Sie) in ihrem Beruf bleiben oder ihn verlassen, von entscheidender Bedeutung.<\/p>\n<!-- \/wp:paragraph -->\n\n<!-- wp:paragraph -->\n<p>Damit tragen Sie dazu bei, die Unterst\u00fctzung f\u00fcr Gesundheitsfachkr\u00e4fte in der Schweiz zu verbessern und deren Stellenwert zu steigern.<\/p>\n<!-- \/wp:paragraph --><\/div>\n<\/div>                    <div class=\"tab\">\n    <input type=\"checkbox\" id=\"tab-tab-987\">\n    <label class=\"flex cursor-pointer tab-label\" for=\"tab-tab-987\">\n        <span class=\"text-lg leading-tight md:text-xl text-gray-medium pr-6\">Warum sollte ich teilnehmen (Pflegende Angeh\u00f6rige)?<\/span>\n    <\/label>\n    <div class=\"tab-content\"><!-- wp:paragraph -->\n<p>Ihre Teilnahme ist entscheidend, um die optimalen Bedingungen f\u00fcr die Praxis der pflegenden Angeh\u00f6rigen und ihr Wohlbefinden zu ermitteln und konkrete M\u00f6glichkeiten zu ihrer Unterst\u00fctzung vorzuschlagen.<\/p>\n<!-- \/wp:paragraph --><\/div>\n<\/div>                    <div class=\"tab\">\n    <input type=\"checkbox\" id=\"tab-tab-990\">\n    <label class=\"flex cursor-pointer tab-label\" for=\"tab-tab-990\">\n        <span class=\"text-lg leading-tight md:text-xl text-gray-medium pr-6\">Welche Risiken birgt die Teilnahme an dieser Studie?<\/span>\n    <\/label>\n    <div class=\"tab-content\"><!-- wp:paragraph -->\n<p>Es besteht kein Risiko.<\/p>\n<!-- \/wp:paragraph --><\/div>\n<\/div>                    <div class=\"tab\">\n    <input type=\"checkbox\" id=\"tab-tab-992\">\n    <label class=\"flex cursor-pointer tab-label\" for=\"tab-tab-992\">\n        <span class=\"text-lg leading-tight md:text-xl text-gray-medium pr-6\">Werde ich bezahlt?<\/span>\n    <\/label>\n    <div class=\"tab-content\"><!-- wp:paragraph -->\n<p>Eine Verg\u00fctung ist nicht vorgesehen.<\/p>\n<!-- \/wp:paragraph -->\n\n<!-- wp:paragraph -->\n<p>Sie tragen jedoch dazu bei, (1) die Arbeitsbedingungen von Gesundheitsfachkr\u00e4ften zu verbessern oder (2) konkrete Wege zur formellen Anerkennung und Unterst\u00fctzung von pflegenden Angeh\u00f6rigen aufzuzeigen.<\/p>\n<!-- \/wp:paragraph --><\/div>\n<\/div>            \n<\/div>\n\n\n<div style=\"height:70px\" aria-hidden=\"true\" class=\"wp-block-spacer\"><\/div>\n\n\n\n<hr class=\"wp-block-separator has-text-color has-secondary-color has-alpha-channel-opacity has-secondary-background-color has-background is-style-default\"\/>\n\n\n\n<div style=\"height:70px\" aria-hidden=\"true\" class=\"wp-block-spacer\"><\/div>\n\n\n\n<h3 class=\"wp-block-heading has-text-align-center has-primary-color has-text-color\"><strong><strong><strong><strong>Ich m\u00f6chte teilnehmen, habe aber einige Fragen zur Anonymit\u00e4t meiner Daten.<\/strong><\/strong><\/strong><\/strong><\/h3>\n\n\n\n<div style=\"height:20px\" aria-hidden=\"true\" class=\"wp-block-spacer\"><\/div>\n\n\n\n<div id=\"faq-block_2284629f6355ce49da704adf5ccc7320\" class=\"block-faq grid md:gap-x-8 gap-x-4 items-start grid-cols-1 md:grid-cols-2\">\n\n                        <div class=\"tab\">\n    <input type=\"checkbox\" id=\"tab-tab-994\">\n    <label class=\"flex cursor-pointer tab-label\" for=\"tab-tab-994\">\n        <span class=\"text-lg leading-tight md:text-xl text-gray-medium pr-6\">W\u00fcrde mich mein*e Chef*in oder die Institution, f\u00fcr die ich arbeite, erkennen k\u00f6nnen?<\/span>\n    <\/label>\n    <div class=\"tab-content\"><!-- wp:paragraph -->\n<p>Nein.<\/p>\n<!-- \/wp:paragraph -->\n\n<!-- wp:paragraph -->\n<p>Dieses Projekt wird unter Einhaltung der Vorschriften der Schweizer Gesetzgebung durchgef\u00fchrt. Dar\u00fcber hinaus halten wir uns an alle international anerkannten Richtlinien. Die zust\u00e4ndige Ethikkommission hat das Projekt gepr\u00fcft und bewilligt.<\/p>\n<!-- \/wp:paragraph -->\n\n<!-- wp:paragraph -->\n<p>Alle Antworten (auf die Frageb\u00f6gen und Interviews) werden streng vertraulich (ohne Ihren Namen) auf dem beschr\u00e4nkt zug\u00e4nglichen und sicheren Server von Unisant\u00e9 in der Schweiz aufbewahrt.<\/p>\n<!-- \/wp:paragraph --><\/div>\n<\/div>                    <div class=\"tab\">\n    <input type=\"checkbox\" id=\"tab-tab-996\">\n    <label class=\"flex cursor-pointer tab-label\" for=\"tab-tab-996\">\n        <span class=\"text-lg leading-tight md:text-xl text-gray-medium pr-6\">Ist meine Teilnahme an der Studie anonym (Fragebogen)?<\/span>\n    <\/label>\n    <div class=\"tab-content\"><!-- wp:paragraph -->\n<p>Ihre Antworten auf diesen elektronischen Fragebogen werden streng vertraulich behandelt. Nur Mitglieder des Forschungsteams haben Zugriff auf die Datenbank.<\/p>\n<!-- \/wp:paragraph -->\n\n<!-- wp:paragraph -->\n<p>Personenbezogene Informationen (z. B. Alter und Geschlecht) werden durch einen Zahlencode ersetzt und wir werden alle namentlichen Informationen entfernen. Es wird nicht m\u00f6glich sein, Sie in den Ergebnissen und Ver\u00f6ffentlichungen dieser Studie pers\u00f6nlich zu identifizieren.<\/p>\n<!-- \/wp:paragraph --><\/div>\n<\/div>                    <div class=\"tab\">\n    <input type=\"checkbox\" id=\"tab-tab-998\">\n    <label class=\"flex cursor-pointer tab-label\" for=\"tab-tab-998\">\n        <span class=\"text-lg leading-tight md:text-xl text-gray-medium pr-6\">Ist meine Teilnahme an der Studie anonym (Pers\u00f6nliche Gespr\u00e4che)?<\/span>\n    <\/label>\n    <div class=\"tab-content\"><!-- wp:paragraph -->\n<p>Nur die Mitglieder des Forschungsteams haben Zugang zu den Aufnahmen der pers\u00f6nlichen Gespr\u00e4che und den Transkripten. Es ist nicht m\u00f6glich, die Ergebnisse mit Ihrer Identit\u00e4t zu verkn\u00fcpfen. Die Daten werden auf dem beschr\u00e4nkt zug\u00e4nglichen und sicheren Server von Unisant\u00e9 vertraulich aufbewahrt.<\/p>\n<!-- \/wp:paragraph -->\n\n<!-- wp:paragraph -->\n<p>Alle Aufzeichnungen werden innerhalb von drei Monaten nach den Interviews vernichtet. Nach Abschluss der Studie werden die Transkripte verschl\u00fcsselt in einem Ordner mit beschr\u00e4nktem Zugriff auf dem Server von Unisant\u00e9 aufbewahrt.<\/p>\n<!-- \/wp:paragraph --><\/div>\n<\/div>            \n<\/div>\n\n\n<div style=\"height:70px\" aria-hidden=\"true\" class=\"wp-block-spacer\"><\/div>\n\n\n\n<hr class=\"wp-block-separator has-text-color has-secondary-color has-alpha-channel-opacity has-secondary-background-color has-background is-style-default\"\/>\n\n\n\n<div style=\"height:70px\" aria-hidden=\"true\" class=\"wp-block-spacer\"><\/div>\n\n\n\n<h3 class=\"wp-block-heading has-text-align-center has-primary-color has-text-color\"><strong><strong><strong><strong><strong>Die FAQ haben nicht alle meine Fragen beantwortet.<\/strong><\/strong><\/strong><\/strong><\/strong><\/h3>\n\n\n\n<div style=\"height:20px\" aria-hidden=\"true\" class=\"wp-block-spacer\"><\/div>\n\n\n\n<h2 class=\"wp-block-heading has-primary-color has-text-color\">Kontakt<\/h2>\n\n\n\n<p>F\u00fcr Fragen und Informationen:<\/p>\n\n\n\n<div class=\"wp-block-columns is-layout-flex wp-container-core-columns-is-layout-9d6595d7 wp-block-columns-is-layout-flex\">\n<div class=\"wp-block-column is-layout-flow wp-block-column-is-layout-flow\" style=\"flex-basis:66.66%\">\n<div class=\"wp-block-group has-white-color has-primary-background-color has-text-color has-background ek-linked-block is-layout-flow wp-block-group-is-layout-flow\">\n<p class=\"is-style-no-margin has-white-color has-text-color\" style=\"text-transform:uppercase\"><strong>E-MAIL<\/strong><\/p>\n\n\n\n<p class=\"is-style-no-margin has-white-color has-text-color\">scohpica@unisante.ch<\/p>\n<a href=\"mailto:scohpica@unisante.ch\" class=\"editorskit-block-link\" rel=\"\"><\/a><\/div>\n<\/div>\n\n\n\n<div class=\"wp-block-column is-layout-flow wp-block-column-is-layout-flow\" style=\"flex-basis:33.33%\"><\/div>\n<\/div>\n<\/div>\n\n\n\n<div class=\"wp-block-column is-layout-flow wp-block-column-is-layout-flow\"><\/div>\n<\/div>\n\n<div style=\"height:100px\" aria-hidden=\"true\" class=\"wp-block-spacer\"><\/div>\n","protected":false},"excerpt":{"rendered":"<p>FAQ Ich habe Fragen zu der Studie Kann ich an dieser Studie teilnehmen? Ich w\u00fcrde gerne teilnehmen, wie l\u00e4uft das ab? Ich m\u00f6chte teilnehmen, habe aber einige Fragen zur Anonymit\u00e4t meiner Daten. Die FAQ haben nicht alle meine Fragen beantwortet.<\/p>\n","protected":false},"author":6,"featured_media":0,"parent":0,"menu_order":3,"comment_status":"closed","ping_status":"closed","template":"","meta":{"_acf_changed":false,"_editorskit_title_hidden":false,"_editorskit_reading_time":0,"_editorskit_is_block_options_detached":false,"_editorskit_block_options_position":"{}","footnotes":""},"class_list":["post-5997","page","type-page","status-publish","hentry"],"acf":[],"_links":{"self":[{"href":"https:\/\/dev.scohpica.ch\/de\/wp-json\/wp\/v2\/pages\/5997","targetHints":{"allow":["GET"]}}],"collection":[{"href":"https:\/\/dev.scohpica.ch\/de\/wp-json\/wp\/v2\/pages"}],"about":[{"href":"https:\/\/dev.scohpica.ch\/de\/wp-json\/wp\/v2\/types\/page"}],"author":[{"embeddable":true,"href":"https:\/\/dev.scohpica.ch\/de\/wp-json\/wp\/v2\/users\/6"}],"replies":[{"embeddable":true,"href":"https:\/\/dev.scohpica.ch\/de\/wp-json\/wp\/v2\/comments?post=5997"}],"version-history":[{"count":3,"href":"https:\/\/dev.scohpica.ch\/de\/wp-json\/wp\/v2\/pages\/5997\/revisions"}],"predecessor-version":[{"id":6367,"href":"https:\/\/dev.scohpica.ch\/de\/wp-json\/wp\/v2\/pages\/5997\/revisions\/6367"}],"wp:attachment":[{"href":"https:\/\/dev.scohpica.ch\/de\/wp-json\/wp\/v2\/media?parent=5997"}],"curies":[{"name":"wp","href":"https:\/\/api.w.org\/{rel}","templated":true}]}}