{"id":5969,"date":"2023-06-27T19:04:40","date_gmt":"2023-06-27T17:04:40","guid":{"rendered":"https:\/\/dev.scohpica.ch\/partner\/"},"modified":"2026-03-30T08:40:26","modified_gmt":"2026-03-30T06:40:26","slug":"partner","status":"publish","type":"page","link":"https:\/\/dev.scohpica.ch\/de\/ueber-uns\/partner\/","title":{"rendered":"Partner"},"content":{"rendered":"\n<h1 class=\"wp-block-heading has-text-align-center has-primary-color has-text-color\">Entdecken Sie unsere Partner<\/h1>\n\n\n\n<div style=\"height:70px\" aria-hidden=\"true\" class=\"wp-block-spacer\"><\/div>\n\n\n\n<div class=\"wp-block-group alignwide has-primary-background-color has-background is-layout-constrained wp-block-group-is-layout-constrained\">\n<p class=\"has-text-align-center has-white-color has-text-color\">Dieses Projekt w\u00e4re ohne die Unterst\u00fctzung und Mitwirkung zahlreicher Partner nicht m\u00f6glich gewesen.<br>Wir danken Ihnen herzlich f\u00fcr Ihren wertvollen Beitrag.<\/p>\n<\/div>\n\n\n\n<div style=\"height:70px\" aria-hidden=\"true\" class=\"wp-block-spacer\"><\/div>\n\n\n\n<div class=\"wp-block-group is-style-shadow p-4 is-layout-constrained wp-block-group-is-layout-constrained\">\n<h2 class=\"wp-block-heading has-text-align-center has-primary-color has-text-color\">Sponsoren<\/h2>\n\n\n\n<div style=\"height:15px\" aria-hidden=\"true\" class=\"wp-block-spacer\"><\/div>\n\n\n\n<ul class=\"wp-block-list has-gray-medium-color has-text-color has-gray-medium-color\">\n<li>Bundesamt f\u00fcr Gesundheit (BAG)<\/li>\n\n\n\n<li>Fondation pour l\u2019Universit\u00e9 de Lausanne (FUNIL)<\/li>\n\n\n\n<li>Schweizerische Akademie der Medizinischen Wissenschaften (SAMW)<\/li>\n\n\n\n<li>Schweizerische Gesundheitsobservatorium (Obsan)<\/li>\n<\/ul>\n\n\n\n<div style=\"height:70px\" aria-hidden=\"true\" class=\"wp-block-spacer\"><\/div>\n<\/div>\n\n\n\n<div style=\"height:70px\" aria-hidden=\"true\" class=\"wp-block-spacer\"><\/div>\n\n\n\n<div class=\"wp-block-group is-style-shadow p-4 is-layout-constrained wp-block-group-is-layout-constrained\">\n<h2 class=\"wp-block-heading has-text-align-center has-primary-color has-text-color\">Mitglieder des Begleitpanels<\/h2>\n\n\n\n<div style=\"height:15px\" aria-hidden=\"true\" class=\"wp-block-spacer\"><\/div>\n\n\n\n<h3 class=\"wp-block-heading has-secondary-color has-text-color\">Gesundheitsfachkr\u00e4fte<\/h3>\n\n\n\n<ul class=\"wp-block-list has-gray-medium-color has-text-color has-gray-medium-color\">\n<li>ARTISET<\/li>\n\n\n\n<li>Bundesamt f\u00fcr Gesundheit (BAG), Abteilung Gesundheitsberufe, Plattform Gesundheitsberufe, Pflegende Angeh\u00f6rige<\/li>\n\n\n\n<li>Competence Network Healthcare Workforce (CNHW)<\/li>\n\n\n\n<li>Haus- und Kinder\u00e4rzte Schweiz (mfe)<\/li>\n\n\n\n<li>Interessengemeinschaft Angeh\u00f6rigenbetreuung (IGAB)<\/li>\n\n\n\n<li>Konferenz der kantonalen Gesundheitsdirektorinnen und -direktoren (GDK)<\/li>\n\n\n\n<li>pharmaSuisse<\/li>\n\n\n\n<li>Schweizer Berufsverband der Pflegefachfrauen und Pflegefachm\u00e4nner (SBK)<\/li>\n\n\n\n<li>Schweizerisches Gesundheitsobservatorium (OBSAN)<\/li>\n\n\n\n<li>SPITEX Schweiz<\/li>\n\n\n\n<li>Swiss Nurse Leaders<\/li>\n\n\n\n<li>Unisant\u00e9, Abteilung f\u00fcr Arbeits- und Umweltgesundheit (DSTE)<\/li>\n\n\n\n<li>Universit\u00e4t Lausanne (UNIL), Fakult\u00e4t f\u00fcr Sozial- und Politikwissenschaften (SSP)<\/li>\n\n\n\n<li>Verbindung der Schweizer \u00c4rztinnen und \u00c4rzte (FMH)<\/li>\n<\/ul>\n\n\n\n<p><\/p>\n\n\n\n<h3 class=\"wp-block-heading has-secondary-color has-text-color has-link-color wp-elements-4763857cc479d1ea45222e3480adc7ef\">Pflegende Angeh\u00f6rige<\/h3>\n\n\n\n<ul class=\"wp-block-list has-gray-medium-color has-text-color has-gray-medium-color\">\n<li>Swisscarers<\/li>\n\n\n\n<li>Association Vaudoise des proches aidants<\/li>\n\n\n\n<li>Espace Proches<\/li>\n\n\n\n<li>Pro Infirmis<\/li>\n\n\n\n<li>Interessengemeinschaft Angeh\u00f6rigenbetreuung (IGAB)<\/li>\n\n\n\n<li>Solicare<\/li>\n\n\n\n<li>Canton de Vaud<\/li>\n\n\n\n<li>Fondation SILO<\/li>\n\n\n\n<li>Canton du Tessin<\/li>\n\n\n\n<li>Pro-XY<\/li>\n\n\n\n<li>Pro Senectute<\/li>\n<\/ul>\n\n\n\n<div style=\"height:70px\" aria-hidden=\"true\" class=\"wp-block-spacer\"><\/div>\n<\/div>\n\n\n\n<div style=\"height:70px\" aria-hidden=\"true\" class=\"wp-block-spacer\"><\/div>\n\n\n\n<div class=\"wp-block-group is-style-shadow p-4 is-layout-constrained wp-block-group-is-layout-constrained\">\n<h2 class=\"wp-block-heading has-text-align-center has-primary-color has-text-color\">Unterst\u00fctzung bei der Rekrutierung von Gesundheitsfachkr\u00e4ften<\/h2>\n\n\n\n<div style=\"height:15px\" aria-hidden=\"true\" class=\"wp-block-spacer\"><\/div>\n\n\n\n<ul class=\"wp-block-list has-gray-medium-color has-text-color has-gray-medium-color\">\n<li>Adullam Spit\u00e4ler und Pflegezentren<\/li>\n\n\n\n<li>AFISA \u2013 Association fribourgeoise des institutions pour personnes \u00e2g\u00e9es et de l\u2019aide et des soins \u00e0 domicile<\/li>\n\n\n\n<li>Antenne des di\u00e9t\u00e9ticiens genevois (ADiGe)<\/li>\n\n\n\n<li>APN-CH<\/li>\n\n\n\n<li>APSI \u2013 Association suisse pour les sciences infirmi\u00e8res<\/li>\n\n\n\n<li>Arsant\u00e9 \u2013 R\u00e9seau de soins<\/li>\n\n\n\n<li>ARTISERT<\/li>\n\n\n\n<li>ARTISET \u2013 F\u00e9d\u00e9ration des prestataires de services pour les personnes ayant besoin de soutien<\/li>\n\n\n\n<li>ASDD Groupe d\u2019int\u00e9r\u00eat romand Cadres Di\u00e9t\u00e9ticiens Hospitaliers (RoCaDH)<\/li>\n\n\n\n<li>ASDD Groupe r\u00e9gional Vaud<\/li>\n\n\n\n<li>ASI Gen\u00e8ve<\/li>\n\n\n\n<li>ASI Z\u00fcrich \/ Glarus \/ Schaffhausen<\/li>\n\n\n\n<li>Association CNHW \u2013 competence network health workforce<\/li>\n\n\n\n<li>Association Jurassienne de Physioth\u00e9rapie<\/li>\n\n\n\n<li>Association Neuch\u00e2teloise des Psychologues et Psychologues-Psychoth\u00e9rapeutes (ANPP)<\/li>\n\n\n\n<li>Association Romande des Assistantes M\u00e9dicales (ARAM)<\/li>\n\n\n\n<li>Association Spitex suisse priv\u00e9s (ASPS)<\/li>\n\n\n\n<li>Association suisse pour le d\u00e9veloppement de la pratique infirmi\u00e8re avanc\u00e9e (Swiss APN)<\/li>\n\n\n\n<li>Association vaudoise d\u2019aide et de soins \u00e0 domicile (AVASAD)<\/li>\n\n\n\n<li>Association vaudoise des m\u00e9decins de famille (mfv)<\/li>\n\n\n\n<li>Assoziation Schweizer Psychotherapeutinnen und Psychotherapeuten (ASP)<\/li>\n\n\n\n<li>BENU Apotheken<\/li>\n\n\n\n<li>Berit Klinik Goldach<\/li>\n\n\n\n<li>Berner Fachhochschule (BFH)<\/li>\n\n\n\n<li>Berufs- und Weiterbildungszentrum f\u00fcr Gesundheits- und Sozialberufe St. Gallen (BZGS)<\/li>\n\n\n\n<li>B\u00fcndner \u00c4rzteverein<\/li>\n\n\n\n<li>BZ Gesundheit &amp; Soziales Kanton Glarus<\/li>\n\n\n\n<li>CAREUM<\/li>\n\n\n\n<li>ceff SANTE-SOCIAL &#8211; Bern<\/li>\n\n\n\n<li>Centre hospitalier universitaires vaudois (CHUV)<\/li>\n\n\n\n<li>Clinique Bois-Cerf<\/li>\n\n\n\n<li>Clinique Cecil<\/li>\n\n\n\n<li>CMS VD<\/li>\n\n\n\n<li>Commission scientifique de la SSMI<\/li>\n\n\n\n<li>D\u00e9partement de la sant\u00e9 et de l&#8217;action sociale du canton de Vaud<\/li>\n\n\n\n<li>D\u00e9partement f\u00fcr Justiz, Sicherheit und Gesundheit des Kantons Graub\u00fcnden<\/li>\n\n\n\n<li>Der Schweizerische Verband der PhysiotherapeutInnen mit Schwerpunkt Uro-Gyn\u00e4kologie und Pelvi-Perineologie (ASPUG-PP)<\/li>\n\n\n\n<li>Direction g\u00e9n\u00e9rale de la sant\u00e9 du canton de Vaud<\/li>\n\n\n\n<li>EMS Fribourg \u2013 AFISA<\/li>\n\n\n\n<li>EMS Gen\u00e8ve \u2013 FEGEMS<\/li>\n\n\n\n<li>EMS Vaud \u2013 FEGEMS<\/li>\n\n\n\n<li>Ensemble Hospitalier de la C\u00f4te (EHC)<\/li>\n\n\n\n<li>EOC Ente ospedaliero cantonale<\/li>\n\n\n\n<li>EQUAM \u2013 Swiss Association for Quality in Medicine<\/li>\n\n\n\n<li>ErgotherapeutInnen-Verband Schweiz (EVS)<\/li>\n\n\n\n<li>ErgotherapeutInnen-Verband Schweiz (EVS) \u2013 Sektion Wallis<\/li>\n\n\n\n<li>Espace Comp\u00e9tences<\/li>\n\n\n\n<li>Etablissements Hospitaliers du Nord Vaudois (eHnv)<\/li>\n\n\n\n<li>Facult\u00e9 de biologie et de m\u00e9decine de l\u2019Universit\u00e9 de Lausanne (FBM, UNIL)<\/li>\n\n\n\n<li>Facult\u00e9 des sciences \u2013 UNIGE<\/li>\n\n\n\n<li>Facult\u00e9 des sciences sociales et politiques de l\u2019Universit\u00e9 de Lausanne (SSP, UNIL)<\/li>\n\n\n\n<li>F\u00e9d\u00e9ration des h\u00f4pitaux vaudois (FHV)<\/li>\n\n\n\n<li>F\u00e9d\u00e9ration des prestataires de services de soins et d\u2019aide \u00e0 la personne (FEDEPS)<\/li>\n\n\n\n<li>F\u00f6deration der Schweizer Psychologinnen und Psychologen (FSP)<\/li>\n\n\n\n<li>Fondation de Nant \u2013 Secteur Psychiatrique Est<\/li>\n\n\n\n<li>Fondation Rive-Neuve \u2013 Unit\u00e9 de soins palliatifs<\/li>\n\n\n\n<li>Freiburger Apotheker Gesellschaft (FApG)<\/li>\n\n\n\n<li>Gesundheitsamt des Kantons Schaffhausen<\/li>\n\n\n\n<li>Gesundheitsamt des Kantons Solothurn<\/li>\n\n\n\n<li>Groupe des ICLS suisse Romand<\/li>\n\n\n\n<li>Groupement Hospitalier de l\u2019Ouest L\u00e9manique (GHOL)<\/li>\n\n\n\n<li>Haus- und Kinder\u00e4rzte Schweiz (mfe)<\/li>\n\n\n\n<li>Haute \u00e9cole de travail social et de la sant\u00e9 Lausanne (HETSL) \u2013 Fili\u00e8re ergoth\u00e9rapie<\/li>\n\n\n\n<li>Haute \u00e9cole sp\u00e9cialis\u00e9e de Suisse occidentale \u2013 HES-SO Gen\u00e8ve<\/li>\n\n\n\n<li>Haute \u00e9cole sp\u00e9cialis\u00e9e de Suisse occidentale \u2013 HES-SO Valais<\/li>\n\n\n\n<li>HFR \u2013 H\u00f4pital fribourgeois<\/li>\n\n\n\n<li>Hirslanden AndreasKlinik Cham Zug<\/li>\n\n\n\n<li>Hirslanden Klinik Stephanshorn<\/li>\n\n\n\n<li>H\u00f4pital de la Vall\u00e9e de Joux<\/li>\n\n\n\n<li>H\u00f4pital de Lavaux<\/li>\n\n\n\n<li>H\u00f4pital Intercantonal de la Broye (HIB)<\/li>\n\n\n\n<li>H\u00f4pital Ophtalmique Jules Gonin \u2013 Fondation Asile des Aveugles<\/li>\n\n\n\n<li>H\u00f4pital Riviera-Chablais, Vaud-Valais<\/li>\n\n\n\n<li>H\u00f4pitaux universitaires de Gen\u00e8ve (HUG)<\/li>\n\n\n\n<li>Institut et Haute \u00e9cole de la Sant\u00e9 La Source<\/li>\n\n\n\n<li>Institut universitaire de formation et de recherche en soins (IUFRS \u2013 UNIL)<\/li>\n\n\n\n<li>Institute of Nursing Science (INS)<\/li>\n\n\n\n<li>Institution de Lavigny<\/li>\n\n\n\n<li>Kantonale Osteopathie Gesellschaft Valais (KOG-VS)<\/li>\n\n\n\n<li>Kantonalverband der Z\u00fcrcher Psychologinnen und Psychologen (Z\u00fcPP)<\/li>\n\n\n\n<li>Kantonsspital Baden AG<\/li>\n\n\n\n<li>Kantonsspital Graub\u00fcnden<\/li>\n\n\n\n<li>Klinik Gais<\/li>\n\n\n\n<li>Klinik Wil<\/li>\n\n\n\n<li>Limmatklinik, Z\u00fcrich<\/li>\n\n\n\n<li>Oda sant\u00e9<\/li>\n\n\n\n<li>Onco Suisse (SSMO)<\/li>\n\n\n\n<li>Pharmacieplus<\/li>\n\n\n\n<li>Physio Ticino<\/li>\n\n\n\n<li>Physiobern<\/li>\n\n\n\n<li>Physiofribourg<\/li>\n\n\n\n<li>physioSwiss<\/li>\n\n\n\n<li>physiovalais-wallis<\/li>\n\n\n\n<li>physiovaud<\/li>\n\n\n\n<li>P\u00f4le Sant\u00e9 Pays d\u2019Enhaut<\/li>\n\n\n\n<li>Privatklinik Villa im Park<\/li>\n\n\n\n<li>R\u00e9seau de l\u2019Arc<\/li>\n\n\n\n<li>R\u00e9seau de sant\u00e9 Haut-L\u00e9man<\/li>\n\n\n\n<li>R\u00e9seau Delta<\/li>\n\n\n\n<li>R\u00e9seau Hospitalier Neuch\u00e2telois (RHNe)<\/li>\n\n\n\n<li>R\u00e9seau Sant\u00e9 Balcon du Jura Vaudois (RSBJ)<\/li>\n\n\n\n<li>Salveo \u2013 pharmacies ind\u00e9pendantes<\/li>\n\n\n\n<li>SAVOIRSOCIAL<\/li>\n\n\n\n<li>Schweizer Berufsverband der Pflegefachfrauen und Pflegefachm\u00e4nner (SBK)<\/li>\n\n\n\n<li>Schweizer Forum f\u00fcr Integrierte Versorgung (fmc)<\/li>\n\n\n\n<li>Schweizerische Akademie der Medizinischen Wissenschaften (SAMW)<\/li>\n\n\n\n<li>Schweizerische Gesellschaft f\u00fcr Gastroenterologie (SGG)<\/li>\n\n\n\n<li>Schweizerische Gesellschaft f\u00fcr Gyn\u00e4kologie und Geburtshilfe (SGGG)<\/li>\n\n\n\n<li>Schweizerische Gesellschaft f\u00fcr Infektiologie (SGInf)<\/li>\n\n\n\n<li>Schweizerische Gesellschaft f\u00fcr Kardiologie (SGK)<\/li>\n\n\n\n<li>Schweizerische Gesellschaft f\u00fcr Nephrologie (SGN)<\/li>\n\n\n\n<li>Schweizerische Gesellschaft f\u00fcr Pneumologie (SGP)<\/li>\n\n\n\n<li>Schweizerische Neurologische Gesellschaft (SNG)<\/li>\n\n\n\n<li>Schweizerischen Verband der Ern\u00e4hrungsberater\/innen (SVDE)<\/li>\n\n\n\n<li>Schweizerischer Apothekeverband (pharmaSuisse)<\/li>\n\n\n\n<li>Schweizerischer Hebammenverband (SHV)<\/li>\n\n\n\n<li>Schweizerischer Osteopathieverband<\/li>\n\n\n\n<li>Schweizerischer Verband der freiberuflichen Physiotherapeutinnen und Physiotherapeuten (SVFP)<\/li>\n\n\n\n<li>Scuola universitaria professionale della Svizzera italiana (SUPSI)<\/li>\n\n\n\n<li>SEFRI<\/li>\n\n\n\n<li>Soci\u00e9t\u00e9 m\u00e9dicale du canton du Jura<\/li>\n\n\n\n<li>Soci\u00e9t\u00e9 Neuch\u00e2teloise de M\u00e9decine<\/li>\n\n\n\n<li>Soci\u00e9t\u00e9 Suisse de M\u00e9decine Intensive (SGI-SSMI)<\/li>\n\n\n\n<li>Soci\u00e9t\u00e9 Vaudoise de Pharmacie (SVPh)<\/li>\n\n\n\n<li>Soins en Oncologie Suisse<\/li>\n\n\n\n<li>Spital Frutigen<\/li>\n\n\n\n<li>Spital Lachen AG<\/li>\n\n\n\n<li>Spital Laufenburg \u2013 Gesundheitszentrum Fricktal<\/li>\n\n\n\n<li>SPITEX Region Schwyz<\/li>\n\n\n\n<li>SPITEX Schweiz<\/li>\n\n\n\n<li>SPITEX SG\/AR\/AI<\/li>\n\n\n\n<li>SPITEX Verband Baselland (SVBL)<\/li>\n\n\n\n<li>SPITEX Verband des Kantons Schaffhausen<\/li>\n\n\n\n<li>SPITEX Verband Graub\u00fcnden<\/li>\n\n\n\n<li>SPITEX ZH<\/li>\n\n\n\n<li>SVDE Regiogruppe Region Bodensee<\/li>\n\n\n\n<li>Swiss Learning Health System (SLHS)<\/li>\n\n\n\n<li>Swiss Medical Network<\/li>\n\n\n\n<li>Swiss NP<\/li>\n\n\n\n<li>Swiss Nurse Leaders<\/li>\n\n\n\n<li>Swiss Osteopathy Science Foundation (SOSF)<\/li>\n\n\n\n<li>Swiss Pediatric Nursing Alliance (SPNA)<\/li>\n\n\n\n<li>Swissrescue.ch<\/li>\n\n\n\n<li>Unia<\/li>\n\n\n\n<li>Unisant\u00e9 \u2013 Centre universitaire de m\u00e9decine g\u00e9n\u00e9rale et sant\u00e9 publique<\/li>\n\n\n\n<li>Universit\u00e4re Psychiatrische Kliniken Basel (UPK)<\/li>\n\n\n\n<li>Universit\u00e4tsspital Basel (USB)<\/li>\n\n\n\n<li>Universit\u00e9 de Gen\u00e8ve<\/li>\n\n\n\n<li>Universit\u00e9 de Lucerne<\/li>\n\n\n\n<li>Verbindung der Schweizer \u00c4rztinnen und \u00c4rzte (FMH)<\/li>\n\n\n\n<li>Vereinigug Rettungssanit\u00e4ter Schweiz (VRS) \u2013 Sektion Tessin und Moesano<\/li>\n\n\n\n<li>Vereinigung Rettungssanit\u00e4ter Wallis (VRW)<\/li>\n\n\n\n<li>Walliser \u00c4rztegesellschaft (VS\u00c4G)<\/li>\n\n\n\n<li>XUND Luzern<\/li>\n\n\n\n<li>XUND Obwalden<\/li>\n\n\n\n<li>Z\u00fcrcher Hochschule f\u00fcr Angewandte Wissenschaften (ZHAW)<\/li>\n\n\n\n<li>ZURZACH Care \u2013 Rehaklinik Glarus<\/li>\n<\/ul>\n\n\n\n<div style=\"height:70px\" aria-hidden=\"true\" class=\"wp-block-spacer\"><\/div>\n<\/div>\n\n\n\n<div style=\"height:70px\" aria-hidden=\"true\" class=\"wp-block-spacer\"><\/div>\n","protected":false},"excerpt":{"rendered":"<p>Entdecken Sie unsere Partner Dieses Projekt w\u00e4re ohne die Unterst\u00fctzung und Mitwirkung zahlreicher Partner nicht m\u00f6glich gewesen.Wir danken Ihnen herzlich f\u00fcr Ihren wertvollen Beitrag. Sponsoren Mitglieder des Begleitpanels Gesundheitsfachkr\u00e4fte Pflegende Angeh\u00f6rige Unterst\u00fctzung bei der Rekrutierung von Gesundheitsfachkr\u00e4ften<\/p>\n","protected":false},"author":5,"featured_media":0,"parent":6014,"menu_order":2,"comment_status":"closed","ping_status":"closed","template":"","meta":{"_acf_changed":false,"_editorskit_title_hidden":false,"_editorskit_reading_time":0,"_editorskit_is_block_options_detached":false,"_editorskit_block_options_position":"{}","footnotes":""},"class_list":["post-5969","page","type-page","status-publish","hentry"],"acf":[],"_links":{"self":[{"href":"https:\/\/dev.scohpica.ch\/de\/wp-json\/wp\/v2\/pages\/5969","targetHints":{"allow":["GET"]}}],"collection":[{"href":"https:\/\/dev.scohpica.ch\/de\/wp-json\/wp\/v2\/pages"}],"about":[{"href":"https:\/\/dev.scohpica.ch\/de\/wp-json\/wp\/v2\/types\/page"}],"author":[{"embeddable":true,"href":"https:\/\/dev.scohpica.ch\/de\/wp-json\/wp\/v2\/users\/5"}],"replies":[{"embeddable":true,"href":"https:\/\/dev.scohpica.ch\/de\/wp-json\/wp\/v2\/comments?post=5969"}],"version-history":[{"count":5,"href":"https:\/\/dev.scohpica.ch\/de\/wp-json\/wp\/v2\/pages\/5969\/revisions"}],"predecessor-version":[{"id":6492,"href":"https:\/\/dev.scohpica.ch\/de\/wp-json\/wp\/v2\/pages\/5969\/revisions\/6492"}],"up":[{"embeddable":true,"href":"https:\/\/dev.scohpica.ch\/de\/wp-json\/wp\/v2\/pages\/6014"}],"wp:attachment":[{"href":"https:\/\/dev.scohpica.ch\/de\/wp-json\/wp\/v2\/media?parent=5969"}],"curies":[{"name":"wp","href":"https:\/\/api.w.org\/{rel}","templated":true}]}}