{"id":5769,"date":"2025-08-14T13:43:31","date_gmt":"2025-08-14T11:43:31","guid":{"rendered":"https:\/\/dev.scohpica.ch\/forschungsaktivitaeten\/"},"modified":"2026-03-26T09:48:00","modified_gmt":"2026-03-26T08:48:00","slug":"forschungsaktivitaeten","status":"publish","type":"page","link":"https:\/\/dev.scohpica.ch\/de\/gesundheitsfachkraefte\/forschungsaktivitaeten\/","title":{"rendered":"Forschungsaktivit\u00e4ten"},"content":{"rendered":"\n<h1 class=\"wp-block-heading has-text-align-center has-primary-color has-text-color has-link-color wp-elements-57e31c3a153698ee4bfe86f0a41f1477\">Forschungsaktivit\u00e4ten<\/h1>\n\n<p>SCOHPICA \u2013 Gesundheitsfachkr\u00e4fte liefern auch Daten f\u00fcr die Forschung im Bereich des beruflichen Wohlbefindens!<\/p>\n\n<p>Unsere Projekte basieren auf strengen Methoden und werden in Zusammenarbeit mit akademischen Einrichtungen oder Akteuren vor Ort durchgef\u00fchrt.<\/p>\n\n<div style=\"height:100px\" aria-hidden=\"true\" class=\"wp-block-spacer\"><\/div>\n\n<h2 class=\"wp-block-heading has-text-align-center has-secondary-color has-text-color has-link-color wp-elements-5e15fe1da5183ebe7786864d14be2bbf\">Unsere Forschungsschwerpunkte<\/h2>\n\n<p><\/p>\n\n<ul class=\"wp-block-list\">\n<li class=\"has-gray-medium-color has-text-color has-link-color wp-elements-5d3a89fd9a00e9b1d6a1f1322e91b3f9\">Determinanten f\u00fcr die Absicht, im Beruf zu bleiben: Untersuchung psychosozialer Faktoren, die m\u00f6glicherweise mit dem Verbleib von Fachkr\u00e4ften in ihrem Beruf zusammenh\u00e4ngen.<\/li>\n\n\n\n<li class=\"has-gray-medium-color has-text-color has-link-color wp-elements-99193be9068e4f623c8cc56591b7b6c5\">Werdegang von Gesundheitsfachkr\u00e4ften: Untersuchung der Lebens- und Berufswege, um Faktoren oder Ereignisse zu identifizieren, die die Bindung und das Wohlbefinden der Fachkr\u00e4fte f\u00f6rdern.<\/li>\n\n\n\n<li class=\"has-gray-medium-color has-text-color has-link-color wp-elements-db7c0a458ca544dd2652f2d93a28738a\">Wohlbefinden am Arbeitsplatz: Untersuchung des Wohlbefindens an der Arbeit der Gesundheitsfachkr\u00e4fte und seiner Entwicklung \u00fcber die Zeit.<\/li>\n\n\n\n<li class=\"has-gray-medium-color has-text-color has-link-color wp-elements-799ef472261d6036cdc1d3b7d195d79e\">Arbeitsbedingungen und Qualit\u00e4t der Pflege: Langfristige Studie zur Entwicklung der Arbeitsbedingungen und der Qualit\u00e4t der Versorgung im Kontext des Fachkr\u00e4ftemangels.<\/li>\n\n\n\n<li class=\"has-gray-medium-color has-text-color has-link-color wp-elements-7baba0f54ac27671349716483a0e2852\">Analysen nach Beruf und beruflichem Kontext: Vergleich der Verbleibsabsicht, des Wohlbefindens und ihrer Determinanten zwischen verschiedenen Berufen und Arbeitskontexten.<\/li>\n\n\n\n<li class=\"has-gray-medium-color has-text-color has-link-color wp-elements-a0e055a309abae47b28b95476d925d60\">Indikatoren und Monitoring f\u00fcr \u00f6ffentliche Politiken: Nutzung qualitativer und quantitativer Daten, Indikatoren und Monitoring-Tools.<\/li>\n<\/ul>\n\n<div style=\"height:70px\" aria-hidden=\"true\" class=\"wp-block-spacer\"><\/div>\n\n<h2 class=\"wp-block-heading has-text-align-center has-secondary-color has-text-color has-link-color wp-elements-2879721fcdfa1bed594cac731083aa1d\">Wissenschaftliche Publikationen und Mitteilungen<br\/><\/h2>\n\n<p>Wir tragen zur Wissensvermittlung durch Berichte, wissenschaftliche Publikationen und Pr\u00e4sentationen an Fachkonferenzen bei.<\/p>\n\n<p><a href=\"https:\/\/dev.scohpica.ch\/de\/gesundheitsfachkraefte\/publikationen\/\" data-type=\"page\" data-id=\"3723\">Hier<\/a> finden Sie eine Liste unserer Ver\u00f6ffentlichungen.<\/p>\n\n<p>F\u00fcr eine Liste unserer SCOHPICA-Konferenzen schauen Sie <a href=\"https:\/\/dev.scohpica.ch\/de\/aktuelles\/\" data-type=\"link\" data-id=\"https:\/\/dev.scohpica.ch\/actualites\/\">hier<\/a>.<\/p>\n\n<p><\/p>\n\n<p><\/p>\n\n<div style=\"height:70px\" aria-hidden=\"true\" class=\"wp-block-spacer\"><\/div>\n\n<div class=\"wp-block-columns is-style-no_margin is-layout-flex wp-container-core-columns-is-layout-9d6595d7 wp-block-columns-is-layout-flex\">\n<div class=\"wp-block-column is-layout-flow wp-block-column-is-layout-flow\" style=\"flex-basis:100%\">\n<div class=\"wp-block-group has-white-color has-primary-background-color has-text-color has-background is-layout-flow wp-block-group-is-layout-flow\">\n<div class=\"wp-block-columns are-vertically-aligned-center is-style-no_margin is-layout-flex wp-container-core-columns-is-layout-9d6595d7 wp-block-columns-is-layout-flex\">\n<div class=\"wp-block-column is-vertically-aligned-center is-layout-flow wp-block-column-is-layout-flow\" style=\"flex-basis:66.66%\">\n<h2 class=\"wp-block-heading\">Sind Sie an einer wissenschaftlichen Zusammenarbeit interessiert?<br\/><\/h2>\n\n\n\n<p class=\"has-white-color has-text-color\">Ob Institution oder Forschungsgruppe, wenn Sie an einer Zusammenarbeit interssiert sind, kontaktieren Sie uns gerne unter folgender Adresse:<\/p>\n\n\n\n<div style=\"height:20px\" aria-hidden=\"true\" class=\"wp-block-spacer\"><\/div>\n\n\n\n<div class=\"wp-block-buttons is-layout-flex wp-block-buttons-is-layout-flex\">\n<div class=\"wp-block-button is-style-outline is-style-outline--1\"><a class=\"wp-block-button__link has-white-color has-text-color wp-element-button\" href=\"mailto: scohpica@unisante.ch\" target=\"_blank\" rel=\"noreferrer noopener\">scohpica@unisante.ch<\/a><\/div>\n<\/div>\n<\/div>\n\n\n\n<div class=\"wp-block-column is-vertically-aligned-center is-layout-flow wp-block-column-is-layout-flow\" style=\"flex-basis:33.33%\">\n<figure class=\"wp-block-image aligncenter size-large is-resized is-style-no-margin\"><img loading=\"lazy\" decoding=\"async\" width=\"281\" height=\"196\" src=\"https:\/\/dev.scohpica.ch\/wp-content\/uploads\/2022\/09\/vector-3.svg\" alt=\"\" class=\"wp-image-214\" style=\"width:211px;height:148px\"\/><\/figure>\n<\/div>\n<\/div>\n<\/div>\n<\/div>\n<\/div>\n\n<div style=\"height:70px\" aria-hidden=\"true\" class=\"wp-block-spacer\"><\/div>\n","protected":false},"excerpt":{"rendered":"<p>Forschungsaktivit\u00e4ten SCOHPICA \u2013 Gesundheitsfachkr\u00e4fte liefern auch Daten f\u00fcr die Forschung im Bereich des beruflichen Wohlbefindens! Unsere Projekte basieren auf strengen Methoden und werden in Zusammenarbeit mit akademischen Einrichtungen oder Akteuren vor Ort durchgef\u00fchrt. Unsere Forschungsschwerpunkte Wissenschaftliche Publikationen und Mitteilungen Wir tragen zur Wissensvermittlung durch Berichte, wissenschaftliche Publikationen und Pr\u00e4sentationen an Fachkonferenzen bei. Hier finden Sie [&hellip;]<\/p>\n","protected":false},"author":6,"featured_media":0,"parent":5977,"menu_order":4,"comment_status":"closed","ping_status":"closed","template":"","meta":{"_acf_changed":false,"_editorskit_title_hidden":false,"_editorskit_reading_time":0,"_editorskit_is_block_options_detached":false,"_editorskit_block_options_position":"{}","footnotes":""},"class_list":["post-5769","page","type-page","status-publish","hentry"],"acf":[],"_links":{"self":[{"href":"https:\/\/dev.scohpica.ch\/de\/wp-json\/wp\/v2\/pages\/5769","targetHints":{"allow":["GET"]}}],"collection":[{"href":"https:\/\/dev.scohpica.ch\/de\/wp-json\/wp\/v2\/pages"}],"about":[{"href":"https:\/\/dev.scohpica.ch\/de\/wp-json\/wp\/v2\/types\/page"}],"author":[{"embeddable":true,"href":"https:\/\/dev.scohpica.ch\/de\/wp-json\/wp\/v2\/users\/6"}],"replies":[{"embeddable":true,"href":"https:\/\/dev.scohpica.ch\/de\/wp-json\/wp\/v2\/comments?post=5769"}],"version-history":[{"count":4,"href":"https:\/\/dev.scohpica.ch\/de\/wp-json\/wp\/v2\/pages\/5769\/revisions"}],"predecessor-version":[{"id":6476,"href":"https:\/\/dev.scohpica.ch\/de\/wp-json\/wp\/v2\/pages\/5769\/revisions\/6476"}],"up":[{"embeddable":true,"href":"https:\/\/dev.scohpica.ch\/de\/wp-json\/wp\/v2\/pages\/5977"}],"wp:attachment":[{"href":"https:\/\/dev.scohpica.ch\/de\/wp-json\/wp\/v2\/media?parent=5769"}],"curies":[{"name":"wp","href":"https:\/\/api.w.org\/{rel}","templated":true}]}}