{"id":5749,"date":"2025-08-14T12:00:16","date_gmt":"2025-08-14T10:00:16","guid":{"rendered":"https:\/\/dev.scohpica.ch\/ich-moechte-teilnehmen\/"},"modified":"2026-03-05T15:52:12","modified_gmt":"2026-03-05T14:52:12","slug":"ich-moechte-teilnehmen","status":"publish","type":"page","link":"https:\/\/dev.scohpica.ch\/de\/pflegende-angehoerige\/ich-moechte-teilnehmen\/","title":{"rendered":"Ich m\u00f6chte teilnehmen"},"content":{"rendered":"\n<h1 class=\"wp-block-heading has-text-align-center has-primary-color has-text-color\">Ich m\u00f6chte an der Studie teilnehmen<\/h1>\n\n<div style=\"height:70px\" aria-hidden=\"true\" class=\"wp-block-spacer\"><\/div>\n\n<div class=\"wp-block-columns is-layout-flex wp-container-core-columns-is-layout-9d6595d7 wp-block-columns-is-layout-flex\"><\/div>\n\n<div class=\"wp-block-columns is-layout-flex wp-container-core-columns-is-layout-9d6595d7 wp-block-columns-is-layout-flex\">\n<div class=\"wp-block-column is-layout-flow wp-block-column-is-layout-flow\" style=\"flex-basis:100%\">\n<div class=\"wp-block-group has-secondary-background-color has-background is-layout-constrained wp-block-group-is-layout-constrained\">\n<h3 class=\"wp-block-heading has-white-color has-text-color\">Die SCOHPICA-Studie Pflegenden Angeh\u00f6rigen ist derzeit geschlossen.<\/h3>\n\n\n\n<p class=\"has-white-color has-text-color\">Der Fragebogen ist derzeit geschlossen. Er wird am Fr\u00fchlings wieder ge\u00f6ffnet.<\/p>\n\n\n\n<p class=\"has-white-color has-text-color has-link-color wp-elements-fcc3c9f8b9b0ac1a5881244ae9fcf97f\">Um beim Start der n\u00e4chsten Erhebung informiert zu werden, k\u00f6nnen Sie uns Ihre E-Mail-Adresse hinterlassen:<\/p>\n\n\n<script type=\"text\/javascript\">\n\/* <![CDATA[ *\/\nvar gform;gform||(document.addEventListener(\"gform_main_scripts_loaded\",function(){gform.scriptsLoaded=!0}),document.addEventListener(\"gform\/theme\/scripts_loaded\",function(){gform.themeScriptsLoaded=!0}),window.addEventListener(\"DOMContentLoaded\",function(){gform.domLoaded=!0}),gform={domLoaded:!1,scriptsLoaded:!1,themeScriptsLoaded:!1,isFormEditor:()=>\"function\"==typeof InitializeEditor,callIfLoaded:function(o){return!(!gform.domLoaded||!gform.scriptsLoaded||!gform.themeScriptsLoaded&&!gform.isFormEditor()||(gform.isFormEditor()&&console.warn(\"The use of gform.initializeOnLoaded() is deprecated in the form editor context and will be removed in Gravity Forms 3.1.\"),o(),0))},initializeOnLoaded:function(o){gform.callIfLoaded(o)||(document.addEventListener(\"gform_main_scripts_loaded\",()=>{gform.scriptsLoaded=!0,gform.callIfLoaded(o)}),document.addEventListener(\"gform\/theme\/scripts_loaded\",()=>{gform.themeScriptsLoaded=!0,gform.callIfLoaded(o)}),window.addEventListener(\"DOMContentLoaded\",()=>{gform.domLoaded=!0,gform.callIfLoaded(o)}))},hooks:{action:{},filter:{}},addAction:function(o,r,e,t){gform.addHook(\"action\",o,r,e,t)},addFilter:function(o,r,e,t){gform.addHook(\"filter\",o,r,e,t)},doAction:function(o){gform.doHook(\"action\",o,arguments)},applyFilters:function(o){return gform.doHook(\"filter\",o,arguments)},removeAction:function(o,r){gform.removeHook(\"action\",o,r)},removeFilter:function(o,r,e){gform.removeHook(\"filter\",o,r,e)},addHook:function(o,r,e,t,n){null==gform.hooks[o][r]&&(gform.hooks[o][r]=[]);var d=gform.hooks[o][r];null==n&&(n=r+\"_\"+d.length),gform.hooks[o][r].push({tag:n,callable:e,priority:t=null==t?10:t})},doHook:function(r,o,e){var t;if(e=Array.prototype.slice.call(e,1),null!=gform.hooks[r][o]&&((o=gform.hooks[r][o]).sort(function(o,r){return o.priority-r.priority}),o.forEach(function(o){\"function\"!=typeof(t=o.callable)&&(t=window[t]),\"action\"==r?t.apply(null,e):e[0]=t.apply(null,e)})),\"filter\"==r)return e[0]},removeHook:function(o,r,t,n){var e;null!=gform.hooks[o][r]&&(e=(e=gform.hooks[o][r]).filter(function(o,r,e){return!!(null!=n&&n!=o.tag||null!=t&&t!=o.priority)}),gform.hooks[o][r]=e)}});\n\/* ]]> *\/\n<\/script>\n\n                <div class='gf_browser_gecko gform_wrapper gravity-theme gform-theme--no-framework' data-form-theme='gravity-theme' data-form-index='0' id='gform_wrapper_4' ><div id='gf_4' class='gform_anchor' tabindex='-1'><\/div>\n                        <div class='gform_heading'>\n\t\t\t\t\t\t\t<p class='gform_required_legend'>\u201e<span class=\"gfield_required gfield_required_asterisk\">*<\/span>\u201c zeigt erforderliche Felder an<\/p>\n                        <\/div><form method='post' enctype='multipart\/form-data' target='gform_ajax_frame_4' id='gform_4'  action='\/de\/wp-json\/wp\/v2\/pages\/5749#gf_4' data-formid='4' novalidate>\n                        <div class='gform-body gform_body'><div id='gform_fields_4' class='gform_fields top_label form_sublabel_below description_below validation_below'><div id=\"field_4_2\" class=\"gfield gfield--type-honeypot gform_validation_container field_sublabel_below gfield--has-description field_description_below field_validation_below gfield_visibility_visible\"  ><label class='gfield_label gform-field-label' for='input_4_2'>Phone<\/label><div class='ginput_container'><input name='input_2' id='input_4_2' type='text' value='' autocomplete='new-password'\/><\/div><div class='gfield_description' id='gfield_description_4_2'>Dieses Feld dient zur Validierung und sollte nicht ver\u00e4ndert werden.<\/div><\/div><div id=\"field_4_1\" class=\"gfield gfield--type-email gfield--width-half gfield_contains_required field_sublabel_below gfield--no-description field_description_below hidden_label field_validation_below gfield_visibility_visible\"  ><label class='gfield_label gform-field-label' for='input_4_1'>E-mail<span class=\"gfield_required\"><span class=\"gfield_required gfield_required_asterisk\">*<\/span><\/span><\/label><div class='ginput_container ginput_container_email'>\n                            <input name='input_1' id='input_4_1' type='email' value='' class='large'   placeholder='Votre adresse e-mail' aria-required=\"true\" aria-invalid=\"false\"  \/>\n                        <\/div><\/div><div id=\"field_submit\" class=\"gfield gfield--type-submit gfield--width-half field_sublabel_below gfield--no-description field_description_below field_validation_below gfield_visibility_visible\"  data-field-class=\"gform_editor_submit_container\" data-field-position=\"inline\" ><input type='submit' id='gform_submit_button_4' class='gform-button gform-button--white  button' onclick='gform.submission.handleButtonClick(this);' data-submission-type='submit' value='Senden'  \/><\/div><\/div><\/div>\n        <div class='gform-footer gform_footer top_label'>  <input type='hidden' name='gform_ajax' value='form_id=4&amp;title=&amp;description=&amp;tabindex=0&amp;theme=gravity-theme&amp;styles={&quot;inputPrimaryColor&quot;:&quot;#204ce5&quot;}&amp;hash=4cdde2f18318794d983e4c1788c1700d' \/>\n            <input type='hidden' class='gform_hidden' name='gform_submission_method' data-js='gform_submission_method_4' value='iframe' \/>\n            <input type='hidden' class='gform_hidden' name='gform_theme' data-js='gform_theme_4' id='gform_theme_4' value='gravity-theme' \/>\n            <input type='hidden' class='gform_hidden' name='gform_style_settings' data-js='gform_style_settings_4' id='gform_style_settings_4' value='{&quot;inputPrimaryColor&quot;:&quot;#204ce5&quot;}' \/>\n            <input type='hidden' class='gform_hidden' name='is_submit_4' value='1' \/>\n            <input type='hidden' class='gform_hidden' name='gform_submit' value='4' \/>\n            \n            <input type='hidden' class='gform_hidden' name='gform_currency' data-currency='CHF' value='HV\/upH1Vy9IOp6F8thJhyEppZYZQr\/c+zaEYRqDSWOGjLHsC\/Z0SQlCmh16lkd3GZfvwWH5OUkpnd4IjACTyVbtHkK2A1xMZ2Uoj0XFHlGhJB8M=' \/>\n            <input type='hidden' class='gform_hidden' name='gform_unique_id' value='' \/>\n            <input type='hidden' class='gform_hidden' name='state_4' value='WyJbXSIsImZmODkzNjhjOGEyZTZkNDlmOTQ2MDhhM2Y3MmEwOThiIl0=' \/>\n            <input type='hidden' autocomplete='off' class='gform_hidden' name='gform_target_page_number_4' id='gform_target_page_number_4' value='0' \/>\n            <input type='hidden' autocomplete='off' class='gform_hidden' name='gform_source_page_number_4' id='gform_source_page_number_4' value='1' \/>\n            <input type='hidden' name='gform_field_values' value='' \/>\n            \n        <\/div>\n                        <\/form>\n                        <\/div>\n\t\t                <iframe style='display:none;width:0px;height:0px;' src='about:blank' name='gform_ajax_frame_4' id='gform_ajax_frame_4' title='Dieser iframe enth\u00e4lt die erforderliche Logik um Gravity Forms Formulare mit AJAX zu handhaben.'><\/iframe>\n\t\t                <script type=\"text\/javascript\">\n\/* <![CDATA[ *\/\n gform.initializeOnLoaded( function() {gformInitSpinner( 4, 'https:\/\/dev.scohpica.ch\/wp-content\/plugins\/gravityforms\/images\/spinner.svg', true );jQuery('#gform_ajax_frame_4').on('load',function(){var contents = jQuery(this).contents().find('*').html();var is_postback = contents.indexOf('GF_AJAX_POSTBACK') >= 0;if(!is_postback){return;}var form_content = jQuery(this).contents().find('#gform_wrapper_4');var is_confirmation = jQuery(this).contents().find('#gform_confirmation_wrapper_4').length > 0;var is_redirect = contents.indexOf('gformRedirect(){') >= 0;var is_form = form_content.length > 0 && ! is_redirect && ! is_confirmation;var mt = parseInt(jQuery('html').css('margin-top'), 10) + parseInt(jQuery('body').css('margin-top'), 10) + 100;if(is_form){jQuery('#gform_wrapper_4').html(form_content.html());if(form_content.hasClass('gform_validation_error')){jQuery('#gform_wrapper_4').addClass('gform_validation_error');} else {jQuery('#gform_wrapper_4').removeClass('gform_validation_error');}setTimeout( function() { \/* delay the scroll by 50 milliseconds to fix a bug in chrome *\/ jQuery(document).scrollTop(jQuery('#gform_wrapper_4').offset().top - mt); }, 50 );if(window['gformInitDatepicker']) {gformInitDatepicker();}if(window['gformInitPriceFields']) {gformInitPriceFields();}var current_page = jQuery('#gform_source_page_number_4').val();gformInitSpinner( 4, 'https:\/\/dev.scohpica.ch\/wp-content\/plugins\/gravityforms\/images\/spinner.svg', true );jQuery(document).trigger('gform_page_loaded', [4, current_page]);window['gf_submitting_4'] = false;}else if(!is_redirect){var confirmation_content = jQuery(this).contents().find('.GF_AJAX_POSTBACK').html();if(!confirmation_content){confirmation_content = contents;}jQuery('#gform_wrapper_4').replaceWith(confirmation_content);jQuery(document).scrollTop(jQuery('#gf_4').offset().top - mt);jQuery(document).trigger('gform_confirmation_loaded', [4]);window['gf_submitting_4'] = false;wp.a11y.speak(jQuery('#gform_confirmation_message_4').text());}else{jQuery('#gform_4').append(contents);if(window['gformRedirect']) {gformRedirect();}}jQuery(document).trigger(\"gform_pre_post_render\", [{ formId: \"4\", currentPage: \"current_page\", abort: function() { this.preventDefault(); } }]);        if (event && event.defaultPrevented) {                return;        }        const gformWrapperDiv = document.getElementById( \"gform_wrapper_4\" );        if ( gformWrapperDiv ) {            const visibilitySpan = document.createElement( \"span\" );            visibilitySpan.id = \"gform_visibility_test_4\";            gformWrapperDiv.insertAdjacentElement( \"afterend\", visibilitySpan );        }        const visibilityTestDiv = document.getElementById( \"gform_visibility_test_4\" );        let postRenderFired = false;        function triggerPostRender() {            if ( postRenderFired ) {                return;            }            postRenderFired = true;            gform.core.triggerPostRenderEvents( 4, current_page );            if ( visibilityTestDiv ) {                visibilityTestDiv.parentNode.removeChild( visibilityTestDiv );            }        }        function debounce( func, wait, immediate ) {            var timeout;            return function() {                var context = this, args = arguments;                var later = function() {                    timeout = null;                    if ( !immediate ) func.apply( context, args );                };                var callNow = immediate && !timeout;                clearTimeout( timeout );                timeout = setTimeout( later, wait );                if ( callNow ) func.apply( context, args );            };        }        const debouncedTriggerPostRender = debounce( function() {            triggerPostRender();        }, 200 );        if ( visibilityTestDiv && visibilityTestDiv.offsetParent === null ) {            const observer = new MutationObserver( ( mutations ) => {                mutations.forEach( ( mutation ) => {                    if ( mutation.type === 'attributes' && visibilityTestDiv.offsetParent !== null ) {                        debouncedTriggerPostRender();                        observer.disconnect();                    }                });            });            observer.observe( document.body, {                attributes: true,                childList: false,                subtree: true,                attributeFilter: [ 'style', 'class' ],            });        } else {            triggerPostRender();        }    } );} ); \n\/* ]]> *\/\n<\/script>\n<\/div>\n<\/div>\n<\/div>\n\n<div style=\"height:70px\" aria-hidden=\"true\" class=\"wp-block-spacer\"><\/div>\n\n<div class=\"wp-block-columns is-layout-flex wp-container-core-columns-is-layout-9d6595d7 wp-block-columns-is-layout-flex\">\n<div class=\"wp-block-column is-layout-flow wp-block-column-is-layout-flow\" style=\"flex-basis:100%\">\n<div style=\"height:70px\" aria-hidden=\"true\" class=\"wp-block-spacer\"><\/div>\n\n\n\n<div class=\"wp-block-group is-style-shadow is-layout-constrained wp-block-group-is-layout-constrained\">\n<div style=\"height:70px\" aria-hidden=\"true\" class=\"wp-block-spacer\"><\/div>\n\n\n\n<h2 class=\"wp-block-heading has-text-align-center has-primary-color has-text-color has-link-color wp-elements-464f716ddd774ba5b6087782a748425b\">Wer ist betroffen?<\/h2>\n\n\n\n<h3 class=\"wp-block-heading has-secondary-color has-text-color has-link-color wp-elements-715c73f168ddf65d136f07f07b97554e\">Die pflegenden Angeh\u00f6rigen<\/h3>\n\n\n\n<p>\u00ab Un\u00b7e proche aidant\u00b7e est une personne de l\u2019entourage imm\u00e9diat d\u2019un individu d\u00e9pendant d\u2019assistance pour certaines activit\u00e9s de la vie quotidienne, qui, \u00e0 titre non-professionnel et informel, lui assure de fa\u00e7on r\u00e9guli\u00e8re des services d\u2019aide, de soins ou de pr\u00e9sence, de nature et d\u2019intensit\u00e9 vari\u00e9es, destin\u00e9s \u00e0 compenser ses incapacit\u00e9s ou difficult\u00e9s, ou encore d\u2019assurer sa s\u00e9curit\u00e9, le maintien de son identit\u00e9 et de son lien social. Il peut s\u2019agir de membres de la famille, de voisins ou d\u2019amis. Cela ne concerne pas les formes organis\u00e9es de b\u00e9n\u00e9volat. \u00bb<\/p>\n\n\n\n<p style=\"font-size:15px\">Definition: Commission consultative pour le soutien des proches aidants actifs \u00e0 domicile. Programme de soutien aux proches aidants du Canton de Gen\u00e8ve. R\u00e9publique et Canton de Gen\u00e8ve; 2017.  <\/p>\n\n\n\n<div style=\"height:70px\" aria-hidden=\"true\" class=\"wp-block-spacer\"><\/div>\n\n\n\n<div style=\"height:70px\" aria-hidden=\"true\" class=\"wp-block-spacer\"><\/div>\n<\/div>\n\n\n\n<div class=\"wp-block-group is-style-shadow is-layout-constrained wp-block-group-is-layout-constrained\">\n<div style=\"height:70px\" aria-hidden=\"true\" class=\"wp-block-spacer\"><\/div>\n\n\n\n<h2 class=\"wp-block-heading has-text-align-center has-primary-color has-text-color has-link-color wp-elements-1fe36328af052105b629e05b547da6ae\">Teilnahme und Dauer<\/h2>\n\n\n\n<p>Diese Studie wird in Form eines elektronischen Fragebogens (\u00fcber Computer, Tablet, Smartphone), der Ihnen jedes Jahr zugesandt wird und f\u00fcr den Sie 30 bis 45 Minuten ben\u00f6tigen, durchgef\u00fchrt.<\/p>\n\n\n\n<p>Wenn Sie im Fragebogen angeben, interessiert zu sein, k\u00f6nnten Sie m\u00f6glicherweise ebenfalls ausgew\u00e4hlt werden, um an einem Interview teilzunehmen.<\/p>\n\n\n\n<div style=\"height:70px\" aria-hidden=\"true\" class=\"wp-block-spacer\"><\/div>\n<\/div>\n\n\n\n<div style=\"height:70px\" aria-hidden=\"true\" class=\"wp-block-spacer\"><\/div>\n\n\n\n<div class=\"wp-block-group is-style-shadow is-layout-constrained wp-block-group-is-layout-constrained\">\n<div style=\"height:70px\" aria-hidden=\"true\" class=\"wp-block-spacer\"><\/div>\n\n\n\n<h2 class=\"wp-block-heading has-text-align-center has-primary-color has-text-color has-link-color wp-elements-b6064ae7ccc96e06a01cadc64c55243c\">Warum sollten Sie an dieser Studie teilnehmen?<\/h2>\n\n\n\n<p>Ihre Teilnahme ist entscheidend, um die optimalen Bedingungen f\u00fcr die Praxis der pflegenden Angeh\u00f6rigen und ihr Wohlbefinden zu ermitteln und konkrete Wege zur Unterst\u00fctzung vorzuschlagen.<\/p>\n\n\n\n<div style=\"height:70px\" aria-hidden=\"true\" class=\"wp-block-spacer\"><\/div>\n<\/div>\n\n\n\n<div style=\"height:70px\" aria-hidden=\"true\" class=\"wp-block-spacer\"><\/div>\n\n\n\n<div class=\"wp-block-group is-style-shadow is-layout-constrained wp-block-group-is-layout-constrained\">\n<div style=\"height:70px\" aria-hidden=\"true\" class=\"wp-block-spacer\"><\/div>\n\n\n\n<div class=\"wp-block-columns is-layout-flex wp-container-core-columns-is-layout-9d6595d7 wp-block-columns-is-layout-flex\">\n<div class=\"wp-block-column is-layout-flow wp-block-column-is-layout-flow\">\n<h2 class=\"wp-block-heading has-text-align-center has-primary-color has-text-color has-link-color wp-elements-de6ca18f4392d81897d459ce236bf706\">Risiken<\/h2>\n\n\n\n<p>Es gibt kein direktes oder indirektes Risiko bei der Teilnahme an SCOHPICA.<\/p>\n<\/div>\n<\/div>\n\n\n\n<div style=\"height:70px\" aria-hidden=\"true\" class=\"wp-block-spacer\"><\/div>\n<\/div>\n\n\n\n<div style=\"height:70px\" aria-hidden=\"true\" class=\"wp-block-spacer\"><\/div>\n\n\n\n<div class=\"wp-block-group is-style-shadow is-layout-constrained wp-block-group-is-layout-constrained\">\n<div style=\"height:70px\" aria-hidden=\"true\" class=\"wp-block-spacer\"><\/div>\n\n\n\n<h2 class=\"wp-block-heading has-text-align-center has-primary-color has-text-color has-link-color wp-elements-eeafb5ee5445c60de32c075f2fa51da2\">Vertraulichkeit und Sicherheit der Daten<\/h2>\n\n\n\n<p>Dieses Projekt wird unter Einhaltung der Vorschriften der Schweizer Gesetzgebung durchgef\u00fchrt. Dar\u00fcber hinaus halten wir uns an alle international anerkannten Richtlinien. Die zust\u00e4ndige Ethikkommission hat das Projekt gepr\u00fcft und bewilligt.<br\/>Sie sind nicht verpflichtet, teilzunehmen, und k\u00f6nnen sich jederzeit ohne Begr\u00fcndung f\u00fcr einen Ausstieg entscheiden.  <\/p>\n\n\n\n<h3 class=\"wp-block-heading has-secondary-color has-text-color has-link-color wp-elements-589295eebd789c8cae166c85ccccc740\">Fragebogen<\/h3>\n\n\n\n<p>Ihre Antworten auf diesen elektronischen Fragebogen werden streng vertraulich behandelt. Nur Mitglieder des Forschungsteams haben Zugriff auf die Datenbank.<br\/>Personenbezogene Informationen (z. B. Alter und Geschlecht) werden durch einen Zahlencode ersetzt und alle namentlichen Informationen werden entfernt. Es wird nicht m\u00f6glich sein, Sie in den Ergebnissen und Ver\u00f6ffentlichungen dieser Studie pers\u00f6nlich zu identifizieren.  <\/p>\n\n\n\n<h3 class=\"wp-block-heading has-secondary-color has-text-color has-link-color wp-elements-0ee94a618c7d3912194d4237d6e954cb\">Interviews<\/h3>\n\n\n\n<p>Nur Mitglieder des Forschungsteams haben Zugang zu den Aufzeichnungen der Interviews und den Transkripten. Es ist nicht m\u00f6glich, die Ergebnisse mit Ihrer Identit\u00e4t zu verkn\u00fcpfen. Die Daten werden auf dem beschr\u00e4nkten und sicheren Server von Unisant\u00e9 vertraulich behandelt.  <\/p>\n\n\n\n<p>Alle Aufzeichnungen werden innerhalb von 3 Monaten nach den Interviews vernichtet. Nach Abschluss der Studie werden die Transkripte verschl\u00fcsselt in einem Ordner mit beschr\u00e4nktem Zugang auf dem Server von Unisant\u00e9 aufbewahrt. <\/p>\n\n\n\n<div style=\"height:70px\" aria-hidden=\"true\" class=\"wp-block-spacer\"><\/div>\n<\/div>\n<\/div>\n<\/div>\n","protected":false},"excerpt":{"rendered":"<p>Ich m\u00f6chte an der Studie teilnehmen SCOHPICA F\u00dcR PFLEGENDE ANGEH\u00d6RIGE IST ER\u00d6FFNET! Vielen Dank f\u00fcr Ihr Einsatz in der SCOHPICA-Studie. Klicken Sie hier, um als pflegender Angeh\u00f6riger teilzunehmen. Wenn Sie an der Umfrage w\u00e4hrend einer fr\u00fcheren Datenerhebung teilgenommen und am Ende des Fragebogens Ihre E-Mail-Adresse angegeben haben, klicken Sie bitte NICHT auf den obenstehenden Link.Bitte [&hellip;]<\/p>\n","protected":false},"author":6,"featured_media":0,"parent":5981,"menu_order":2,"comment_status":"closed","ping_status":"closed","template":"","meta":{"_acf_changed":false,"_editorskit_title_hidden":false,"_editorskit_reading_time":0,"_editorskit_is_block_options_detached":false,"_editorskit_block_options_position":"{}","footnotes":""},"class_list":["post-5749","page","type-page","status-publish","hentry"],"acf":[],"_links":{"self":[{"href":"https:\/\/dev.scohpica.ch\/de\/wp-json\/wp\/v2\/pages\/5749","targetHints":{"allow":["GET"]}}],"collection":[{"href":"https:\/\/dev.scohpica.ch\/de\/wp-json\/wp\/v2\/pages"}],"about":[{"href":"https:\/\/dev.scohpica.ch\/de\/wp-json\/wp\/v2\/types\/page"}],"author":[{"embeddable":true,"href":"https:\/\/dev.scohpica.ch\/de\/wp-json\/wp\/v2\/users\/6"}],"replies":[{"embeddable":true,"href":"https:\/\/dev.scohpica.ch\/de\/wp-json\/wp\/v2\/comments?post=5749"}],"version-history":[{"count":3,"href":"https:\/\/dev.scohpica.ch\/de\/wp-json\/wp\/v2\/pages\/5749\/revisions"}],"predecessor-version":[{"id":6224,"href":"https:\/\/dev.scohpica.ch\/de\/wp-json\/wp\/v2\/pages\/5749\/revisions\/6224"}],"up":[{"embeddable":true,"href":"https:\/\/dev.scohpica.ch\/de\/wp-json\/wp\/v2\/pages\/5981"}],"wp:attachment":[{"href":"https:\/\/dev.scohpica.ch\/de\/wp-json\/wp\/v2\/media?parent=5749"}],"curies":[{"name":"wp","href":"https:\/\/api.w.org\/{rel}","templated":true}]}}