{"id":5746,"date":"2025-08-14T13:57:01","date_gmt":"2025-08-14T11:57:01","guid":{"rendered":"https:\/\/dev.scohpica.ch\/veroeffentlichungen\/"},"modified":"2026-03-05T14:44:28","modified_gmt":"2026-03-05T13:44:28","slug":"publikationen","status":"publish","type":"page","link":"https:\/\/dev.scohpica.ch\/de\/pflegende-angehoerige\/publikationen\/","title":{"rendered":"Publikationen"},"content":{"rendered":"\n<h1 class=\"wp-block-heading has-text-align-center has-primary-color has-text-color has-link-color wp-elements-d01ee18dd4558ff6e9e421b521babf7e\">Ver\u00f6ffentlichungen<\/h1>\n\n<p>Hier finden Sie alle wissenschaftlichen Publikationen, Berichte und Mitteilungen, die aus den im Rahmen von SCOHPICA &#8211; betreuende Angeh\u00f6rige &#8211; durchgef\u00fchrten Forschungsarbeiten hervorgegangen sind.<\/p>\n\n<p>Diese Beitr\u00e4ge zielen darauf ab, das Erleben, die Bed\u00fcrfnisse und die Ressourcen der betreuenden Angeh\u00f6rigen in der Schweiz besser zu verstehen, um ihre Anerkennung und ihre Unterst\u00fctzung in den Gesundheitsstrategien und -praktiken zu st\u00e4rken.<\/p>\n\n<p>Mehrere wissenschaftliche Artikel, insbesondere zum verwendeten Protokoll sowie zu den Pilotresultaten der Welle 2024, sind derzeit in Vorbereitung. Sie werden in K\u00fcrze auf dieser Seite verf\u00fcgbar sein und die Aufwertung der bei den betreuenden Angeh\u00f6rigen erhobenen Daten bereichern. <\/p>\n\n<div style=\"height:69px\" aria-hidden=\"true\" class=\"wp-block-spacer\"><\/div>\n\n<h2 class=\"wp-block-heading has-blue-dark-color has-text-color has-link-color wp-elements-b9c3fbc33e5bdc14bcd78ad6ccdeac9d\"><span class=\"wp-rich-text-font-awesome-icon wp-font-awesome-icon\"><svg xmlns=\"http:\/\/www.w3.org\/2000\/svg\" aria-hidden=\"true\" focusable=\"false\" data-prefix=\"fas\" data-icon=\"newspaper\" class=\"svg-inline--fa fa-newspaper \" role=\"img\" viewbox=\"0 0 512 512\"><path fill=\"currentColor\" d=\"M96 96c0-35.3 28.7-64 64-64l288 0c35.3 0 64 28.7 64 64l0 320c0 35.3-28.7 64-64 64L80 480c-44.2 0-80-35.8-80-80L0 128c0-17.7 14.3-32 32-32s32 14.3 32 32l0 272c0 8.8 7.2 16 16 16s16-7.2 16-16L96 96zm64 24l0 80c0 13.3 10.7 24 24 24l112 0c13.3 0 24-10.7 24-24l0-80c0-13.3-10.7-24-24-24L184 96c-13.3 0-24 10.7-24 24zm208-8c0 8.8 7.2 16 16 16l48 0c8.8 0 16-7.2 16-16s-7.2-16-16-16l-48 0c-8.8 0-16 7.2-16 16zm0 96c0 8.8 7.2 16 16 16l48 0c8.8 0 16-7.2 16-16s-7.2-16-16-16l-48 0c-8.8 0-16 7.2-16 16zM160 304c0 8.8 7.2 16 16 16l256 0c8.8 0 16-7.2 16-16s-7.2-16-16-16l-256 0c-8.8 0-16 7.2-16 16zm0 96c0 8.8 7.2 16 16 16l256 0c8.8 0 16-7.2 16-16s-7.2-16-16-16l-256 0c-8.8 0-16 7.2-16 16z\"><\/path><\/svg><\/span>  2025<\/h2>\n\n<div class=\"wp-block-group is-style-shadow p-4 is-content-justification-left is-layout-constrained wp-container-core-group-is-layout-8c890d92 wp-block-group-is-layout-constrained\">\n<p><strong>Artikel : SCOHPICA : des donn\u00e9es fiables pour agir en faveur des personnes proches aidantes<\/strong><\/p>\n\n\n\n<p><strong><br\/><\/strong>Par Annie Oulevey Bachmann, Lucie Escasain, Philippe Terrier, Jessica Hess, Tiffany Martin et Emeric Offenstein<br\/>Publi\u00e9 en 2025 dans la Revue Pages Romandes HandicapS &amp; Soci\u00e9t\u00e9<\/p>\n\n\n\n<p class=\"is-style-fancy-link\"><a href=\"https:\/\/pagesromandes.ch\/wp-content\/uploads\/2025\/04\/2025-Pages_Romandes_MARS.pdf\" target=\"_blank\" rel=\"noreferrer noopener\">Zugangslink :<\/a><\/p>\n<\/div>\n\n<div style=\"height:69px\" aria-hidden=\"true\" class=\"wp-block-spacer\"><\/div>\n\n<h2 class=\"wp-block-heading has-blue-dark-color has-text-color has-link-color wp-elements-30d579d56e716863af4f0b3dc747481a\"><span class=\"wp-rich-text-font-awesome-icon wp-font-awesome-icon\"><svg xmlns=\"http:\/\/www.w3.org\/2000\/svg\" aria-hidden=\"true\" focusable=\"false\" data-prefix=\"fas\" data-icon=\"newspaper\" class=\"svg-inline--fa fa-newspaper \" role=\"img\" viewbox=\"0 0 512 512\"><path fill=\"currentColor\" d=\"M96 96c0-35.3 28.7-64 64-64l288 0c35.3 0 64 28.7 64 64l0 320c0 35.3-28.7 64-64 64L80 480c-44.2 0-80-35.8-80-80L0 128c0-17.7 14.3-32 32-32s32 14.3 32 32l0 272c0 8.8 7.2 16 16 16s16-7.2 16-16L96 96zm64 24l0 80c0 13.3 10.7 24 24 24l112 0c13.3 0 24-10.7 24-24l0-80c0-13.3-10.7-24-24-24L184 96c-13.3 0-24 10.7-24 24zm208-8c0 8.8 7.2 16 16 16l48 0c8.8 0 16-7.2 16-16s-7.2-16-16-16l-48 0c-8.8 0-16 7.2-16 16zm0 96c0 8.8 7.2 16 16 16l48 0c8.8 0 16-7.2 16-16s-7.2-16-16-16l-48 0c-8.8 0-16 7.2-16 16zM160 304c0 8.8 7.2 16 16 16l256 0c8.8 0 16-7.2 16-16s-7.2-16-16-16l-256 0c-8.8 0-16 7.2-16 16zm0 96c0 8.8 7.2 16 16 16l256 0c8.8 0 16-7.2 16-16s-7.2-16-16-16l-256 0c-8.8 0-16 7.2-16 16z\"><\/path><\/svg><\/span>  2024<\/h2>\n\n<div class=\"wp-block-group is-style-shadow p-4 is-content-justification-left is-layout-constrained wp-container-core-group-is-layout-8c890d92 wp-block-group-is-layout-constrained\">\n<p><strong>Artikel : Pflegende Angeh\u00f6rige verstehen, um sie besser unterst\u00fctzen zu k\u00f6nnen<\/strong><\/p>\n\n\n\n<p><strong><br\/><\/strong>Ver\u00f6ffentlicht im Jahr 2024 in der Zeitschrift REISO<\/p>\n\n\n\n<p class=\"is-style-fancy-link\"><a href=\"https:\/\/pagesromandes.ch\/wp-content\/uploads\/2025\/04\/2025-Pages_Romandes_MARS.pdf\" target=\"_blank\" rel=\"noreferrer noopener\">Zugangslink :<\/a><\/p>\n<\/div>\n\n<div style=\"height:69px\" aria-hidden=\"true\" class=\"wp-block-spacer\"><\/div>\n\n<div class=\"wp-block-group is-style-shadow p-4 is-content-justification-left is-layout-constrained wp-container-core-group-is-layout-8c890d92 wp-block-group-is-layout-constrained\">\n<p><strong>Pressemitteilung : Comprendre les trajectoires et exp\u00e9riences des proches aidant\u00b7es &#8211; \u00c9tude SCOHPICA<\/strong><\/p>\n\n\n\n<p><strong><br\/><\/strong>Ver\u00f6ffentlicht 2024 in den Nachrichten der HES-SO<\/p>\n\n\n\n<p class=\"is-style-fancy-link\"><a href=\"https:\/\/www.hes-so.ch\/actualites\/detail-actualites\/comprendre-les-trajectoires-et-experiences-des-proches-aidantes-etude-scohpica\" target=\"_blank\" rel=\"noreferrer noopener\">Zugangslink :<\/a><\/p>\n<\/div>\n\n<div style=\"height:69px\" aria-hidden=\"true\" class=\"wp-block-spacer\"><\/div>\n\n<div class=\"wp-block-group is-style-shadow p-4 is-content-justification-left is-layout-constrained wp-container-core-group-is-layout-8c890d92 wp-block-group-is-layout-constrained\">\n<p><strong>Communiqu\u00e9 de presse : Comprendre les trajectoires et exp\u00e9riences des proches aidantes et des proches aidants<\/strong><\/p>\n\n\n\n<p><strong><br\/><\/strong>Ver\u00f6ffentlicht 2024 bei Unisant\u00e9<\/p>\n\n\n\n<p class=\"is-style-fancy-link\"><a href=\"https:\/\/www.unisante.ch\/fr\/propos-dunisante\/actualites\/comprendre-trajectoires-experiences-proches-aidantes-proches-aidants\" target=\"_blank\" rel=\"noreferrer noopener\">Zugangslink :<\/a><\/p>\n<\/div>\n\n<div style=\"height:69px\" aria-hidden=\"true\" class=\"wp-block-spacer\"><\/div>\n\n<h2 class=\"wp-block-heading has-blue-dark-color has-text-color has-link-color wp-elements-243623f509bf5a26872bb00beea504d2\"><span class=\"wp-rich-text-font-awesome-icon wp-font-awesome-icon\"><svg xmlns=\"http:\/\/www.w3.org\/2000\/svg\" aria-hidden=\"true\" focusable=\"false\" data-prefix=\"fas\" data-icon=\"newspaper\" class=\"svg-inline--fa fa-newspaper \" role=\"img\" viewbox=\"0 0 512 512\"><path fill=\"currentColor\" d=\"M96 96c0-35.3 28.7-64 64-64l288 0c35.3 0 64 28.7 64 64l0 320c0 35.3-28.7 64-64 64L80 480c-44.2 0-80-35.8-80-80L0 128c0-17.7 14.3-32 32-32s32 14.3 32 32l0 272c0 8.8 7.2 16 16 16s16-7.2 16-16L96 96zm64 24l0 80c0 13.3 10.7 24 24 24l112 0c13.3 0 24-10.7 24-24l0-80c0-13.3-10.7-24-24-24L184 96c-13.3 0-24 10.7-24 24zm208-8c0 8.8 7.2 16 16 16l48 0c8.8 0 16-7.2 16-16s-7.2-16-16-16l-48 0c-8.8 0-16 7.2-16 16zm0 96c0 8.8 7.2 16 16 16l48 0c8.8 0 16-7.2 16-16s-7.2-16-16-16l-48 0c-8.8 0-16 7.2-16 16zM160 304c0 8.8 7.2 16 16 16l256 0c8.8 0 16-7.2 16-16s-7.2-16-16-16l-256 0c-8.8 0-16 7.2-16 16zm0 96c0 8.8 7.2 16 16 16l256 0c8.8 0 16-7.2 16-16s-7.2-16-16-16l-256 0c-8.8 0-16 7.2-16 16z\"><\/path><\/svg><\/span>  2023<\/h2>\n\n<div class=\"wp-block-group is-style-shadow p-4 is-content-justification-left is-layout-constrained wp-container-core-group-is-layout-8c890d92 wp-block-group-is-layout-constrained\">\n<p><strong>Wissenschaftlicher Artikel: Informal caregivers&#8216; health: a literature review<\/strong><\/p>\n\n\n\n<p><strong><br\/><\/strong>Von Escasain Lucie; Storari Chiara; Keserue Pittet Oriana; Oulevey Bachmann Annie; Courvoisier Nelly; Gilles Ingrid; Peytremann Bridevaux Isabelle<br\/>Ver\u00f6ffentlicht 2023 in der Zeitung von Unisant\u00e9<\/p>\n\n\n\n<p class=\"is-style-fancy-link\"><a href=\"https:\/\/doi.org\/10.16908\/issn.1660-7104\/348\" target=\"_blank\" rel=\"noreferrer noopener\">Zugangslink<\/a><\/p>\n<\/div>\n\n<div style=\"height:69px\" aria-hidden=\"true\" class=\"wp-block-spacer\"><\/div>\n","protected":false},"excerpt":{"rendered":"<p>Ver\u00f6ffentlichungen Hier finden Sie alle wissenschaftlichen Publikationen, Berichte und Mitteilungen, die aus den im Rahmen von SCOHPICA &#8211; betreuende Angeh\u00f6rige &#8211; durchgef\u00fchrten Forschungsarbeiten hervorgegangen sind. Diese Beitr\u00e4ge zielen darauf ab, das Erleben, die Bed\u00fcrfnisse und die Ressourcen der betreuenden Angeh\u00f6rigen in der Schweiz besser zu verstehen, um ihre Anerkennung und ihre Unterst\u00fctzung in den Gesundheitsstrategien [&hellip;]<\/p>\n","protected":false},"author":6,"featured_media":0,"parent":5981,"menu_order":1,"comment_status":"closed","ping_status":"closed","template":"","meta":{"_acf_changed":false,"_editorskit_title_hidden":false,"_editorskit_reading_time":0,"_editorskit_is_block_options_detached":false,"_editorskit_block_options_position":"{}","footnotes":""},"class_list":["post-5746","page","type-page","status-publish","hentry"],"acf":[],"_links":{"self":[{"href":"https:\/\/dev.scohpica.ch\/de\/wp-json\/wp\/v2\/pages\/5746","targetHints":{"allow":["GET"]}}],"collection":[{"href":"https:\/\/dev.scohpica.ch\/de\/wp-json\/wp\/v2\/pages"}],"about":[{"href":"https:\/\/dev.scohpica.ch\/de\/wp-json\/wp\/v2\/types\/page"}],"author":[{"embeddable":true,"href":"https:\/\/dev.scohpica.ch\/de\/wp-json\/wp\/v2\/users\/6"}],"replies":[{"embeddable":true,"href":"https:\/\/dev.scohpica.ch\/de\/wp-json\/wp\/v2\/comments?post=5746"}],"version-history":[{"count":4,"href":"https:\/\/dev.scohpica.ch\/de\/wp-json\/wp\/v2\/pages\/5746\/revisions"}],"predecessor-version":[{"id":6211,"href":"https:\/\/dev.scohpica.ch\/de\/wp-json\/wp\/v2\/pages\/5746\/revisions\/6211"}],"up":[{"embeddable":true,"href":"https:\/\/dev.scohpica.ch\/de\/wp-json\/wp\/v2\/pages\/5981"}],"wp:attachment":[{"href":"https:\/\/dev.scohpica.ch\/de\/wp-json\/wp\/v2\/media?parent=5746"}],"curies":[{"name":"wp","href":"https:\/\/api.w.org\/{rel}","templated":true}]}}