{"id":5733,"date":"2025-08-14T14:35:10","date_gmt":"2025-08-14T12:35:10","guid":{"rendered":"https:\/\/dev.scohpica.ch\/wer-sind-wir\/"},"modified":"2026-03-25T15:31:56","modified_gmt":"2026-03-25T14:31:56","slug":"projektziele","status":"publish","type":"page","link":"https:\/\/dev.scohpica.ch\/de\/ueber-uns\/projektziele\/","title":{"rendered":"Projektziele"},"content":{"rendered":"\n<h1 class=\"wp-block-heading has-text-align-center has-primary-color has-text-color has-link-color wp-elements-16ceab61e7609f38db49e1f7fc4a16f3\">Projektziele<\/h1>\n\n\n\n<div style=\"height:70px\" aria-hidden=\"true\" class=\"wp-block-spacer\"><\/div>\n\n\n\n<p><\/p>\n\n\n\n<h2 class=\"wp-block-heading has-text-align-center has-secondary-color has-text-color\">SCOHPICA<\/h2>\n\n\n\n<h2 class=\"wp-block-heading has-text-align-center has-primary-color has-text-color\">Schweizer Kohorte der Gesundheitsfachkr\u00e4fte<br>und pflegenden Angeh\u00f6rigen<\/h2>\n\n\n\n<div style=\"height:70px\" aria-hidden=\"true\" class=\"wp-block-spacer\"><\/div>\n\n\n\n<div class=\"wp-block-cover alignfull is-light\" style=\"min-height:400px;aspect-ratio:unset;\"><img loading=\"lazy\" decoding=\"async\" width=\"1920\" height=\"1036\" class=\"wp-block-cover__image-background wp-image-1063\" alt=\"\" src=\"https:\/\/dev.scohpica.ch\/wp-content\/uploads\/2022\/09\/AdobeStock_492973113-web-light.jpeg\" data-object-fit=\"cover\" srcset=\"https:\/\/dev.scohpica.ch\/wp-content\/uploads\/2022\/09\/AdobeStock_492973113-web-light.jpeg 1920w, https:\/\/dev.scohpica.ch\/wp-content\/uploads\/2022\/09\/AdobeStock_492973113-web-light-300x162.jpeg 300w, https:\/\/dev.scohpica.ch\/wp-content\/uploads\/2022\/09\/AdobeStock_492973113-web-light-1024x553.jpeg 1024w, https:\/\/dev.scohpica.ch\/wp-content\/uploads\/2022\/09\/AdobeStock_492973113-web-light-768x414.jpeg 768w, https:\/\/dev.scohpica.ch\/wp-content\/uploads\/2022\/09\/AdobeStock_492973113-web-light-1536x829.jpeg 1536w\" sizes=\"auto, (max-width: 1920px) 100vw, 1920px\" \/><span aria-hidden=\"true\" class=\"wp-block-cover__background has-background-dim-0 has-background-dim\"><\/span><div class=\"wp-block-cover__inner-container is-layout-flow wp-block-cover-is-layout-flow\">\n<p class=\"has-text-align-center has-large-font-size\"><\/p>\n<\/div><\/div>\n\n\n\n<div style=\"height:70px\" aria-hidden=\"true\" class=\"wp-block-spacer\"><\/div>\n\n\n\n<div class=\"wp-block-group alignfull is-layout-constrained wp-block-group-is-layout-constrained\">\n<div class=\"wp-block-columns is-style-default is-layout-flex wp-container-core-columns-is-layout-9d6595d7 wp-block-columns-is-layout-flex\">\n<div class=\"wp-block-column is-layout-flow wp-block-column-is-layout-flow\" style=\"flex-basis:100%\">\n<h2 class=\"wp-block-heading has-text-align-center has-primary-color has-text-color\">SCOHPICA gibt Gesundheitsfachleuten und pflegenden Angeh\u00f6rigen das Wort!<\/h2>\n\n\n\n<div style=\"height:70px\" aria-hidden=\"true\" class=\"wp-block-spacer\"><\/div>\n\n\n\n<p>Eine Untersuchung der Laufbahnen, um bestehende Hindernisse und die M\u00f6glichkeiten zu ihrer \u00dcberwindung zu begreifen. SCOHPICA befasst sich mit zwei unverzichtbaren Akteuren unseres Gesundheitssystems: den Gesundheitsfachkr\u00e4ften und den pflegenden Angeh\u00f6rigen. Die Studie sieht vor, die Werdeg\u00e4nge der Teilnehmer*innen \u00fcber mehrere Jahre hinweg zu verfolgen. <\/p>\n\n\n\n<p>Die kontinuierliche Ver\u00f6ffentlichung der erfassten Informationen ist das Herzst\u00fcck des Vorhabens und stellt einen konkreten Mehrwert dar, um:<\/p>\n\n\n\n<ol class=\"wp-block-list is-style-default\">\n<li class=\"has-gray-medium-color has-text-color has-link-color wp-elements-766d93ca6644fb12c8ea54711fa4ab00\">Erfolgreiche staatlichen Massnahmen oder Strategien auf Managementebene umzusetzen<\/li>\n\n\n\n<li class=\"has-gray-medium-color has-text-color has-link-color wp-elements-d16c152aa7db5994bf29edb43d2404fe\">Eine qualitativ hochwertige Gesundheitsversorgung sicherzustellen.<\/li>\n<\/ol>\n\n\n\n<div style=\"height:70px\" aria-hidden=\"true\" class=\"wp-block-spacer\"><\/div>\n\n\n\n<p>Das Schweizer Gesundheitssystem ist mit einem Mangel an Gesundheitfachleuten, der sich wahrscheinlich noch versch\u00e4rfen wird, konfrontiert. Es ist daher wichtig zu verstehen, wie ihre Arbeitsbedingungen verbessert werden k\u00f6nnen. Da pflegende Angeh\u00f6rige wichtige Verb\u00fcndete von Fachkr\u00e4ften sind und immer mehr beansprucht werden, ist es auch von entscheidender Bedeutung, f\u00fcr deren Wohlergehen zu sorgen.  <\/p>\n<\/div>\n<\/div>\n<\/div>\n\n\n\n<div class=\"wp-block-group alignfull has-gray-light-background-color has-background is-layout-constrained wp-block-group-is-layout-constrained\">\n<div class=\"wp-block-columns is-style-default is-layout-flex wp-container-core-columns-is-layout-9d6595d7 wp-block-columns-is-layout-flex\">\n<div class=\"wp-block-column is-layout-flow wp-block-column-is-layout-flow\" style=\"flex-basis:100%\">\n<h2 class=\"wp-block-heading has-primary-color has-text-color\">Ziele f\u00fcr Gesundheitsfachpersonen<\/h2>\n\n\n\n<p>SCOHPICA betrifft alle Gesundheitsfachkr\u00e4fte, die in der Schweiz eine klinische T\u00e4tigkeit aus\u00fcben, unabh\u00e4ngig davon, in welchem Bereich und an welchem Ort sie t\u00e4tig sind (station\u00e4r, ambulant, in einer Gemeinschaft, zu Hause) und welchen Status sie innehaben (angestellt oder selbstst\u00e4ndig).<\/p>\n\n\n\n<p><strong>Eines der Ziele von SCOHPICA besteht darin, die Gr\u00fcnde f\u00fcr den Ausstieg der Gesundheitsfachkr\u00e4fte aus dem Gesundheitswesen zu untersuchen und die Hindernisse zu identifizieren, die ihrem Verbleib im Beruf im Wege stehen. Derzeit gibt es keine systematisch im ganzen Land erhobenen und breit verbreiteten Informationen. <\/strong><\/p>\n\n\n\n<p>Diese Informationen sind jedoch entscheidend, da die Akteurinnen und Akteure, die die Situation verbessern sollen, sich auf verl\u00e4ssliche und aktuelle Ergebnisse st\u00fctzen k\u00f6nnen m\u00fcssen.<\/p>\n<\/div>\n<\/div>\n<\/div>\n\n\n\n<div style=\"height:70px\" aria-hidden=\"true\" class=\"wp-block-spacer\"><\/div>\n\n\n\n<div class=\"wp-block-group alignfull is-layout-constrained wp-block-group-is-layout-constrained\">\n<div class=\"wp-block-columns is-style-default is-layout-flex wp-container-core-columns-is-layout-9d6595d7 wp-block-columns-is-layout-flex\">\n<div class=\"wp-block-column is-layout-flow wp-block-column-is-layout-flow\" style=\"flex-basis:100%\">\n<h2 class=\"wp-block-heading has-primary-color has-text-color\">Ziele f\u00fcr pflegende Angeh\u00f6rige<\/h2>\n\n\n\n<p>Pflegende Angeh\u00f6rige sind Personen aller Altersgruppen, die eine Person, der sie nahestehen oder weil sie sich dazu verpflichtet f\u00fchlen, unterst\u00fctzen. Sie helfen dieser Person bei allt\u00e4glichen Aufgaben, wenn diese aus gesundheitlichen Gr\u00fcnden solche Aufgaben nicht mehr allein aus\u00fcben kann. Diese Abh\u00e4ngigkeit kann durch eine physische oder psychische Krankheit, eine Behinderung oder Gebrechlichkeit bedingt sein. Von pflegenden Angeh\u00f6rigen spricht man, wenn die Unterst\u00fctzung dauerhaft geleistet wird und den Angeh\u00f6rigen stark beansprucht. <\/p>\n\n\n\n<p><strong>Ein weiteres Ziel von SCOHPICA ist, die Laufbahnen und Erfahrungen pflegender Angeh\u00f6riger besser zu verstehen. Es sollen die Faktoren, die Angeh\u00f6rige motivieren, zu Pflegenden zu werden und diese Rolle dauerhaft zu \u00fcbernehmen, identifiziert werden.<\/strong><\/p>\n\n\n\n<p>Diese Daten werden es erm\u00f6glichen, die formellen und informellen Ressourcen der pflegenden Angeh\u00f6rigen zu ermitteln und konkrete Vorschl\u00e4ge ihrer Lebensqualit\u00e4tsverbesserung zu entwickeln.<\/p>\n<\/div>\n<\/div>\n<\/div>\n\n\n\n<div style=\"height:70px\" aria-hidden=\"true\" class=\"wp-block-spacer\"><\/div>\n\n\n\n<div class=\"wp-block-group alignfull has-gray-light-background-color has-background is-layout-constrained wp-block-group-is-layout-constrained\">\n<div class=\"wp-block-columns are-vertically-aligned-center is-style-no_margin is-layout-flex wp-container-core-columns-is-layout-9d6595d7 wp-block-columns-is-layout-flex\">\n<div class=\"wp-block-column is-vertically-aligned-center is-layout-flow wp-block-column-is-layout-flow\">\n<div style=\"height:40px\" aria-hidden=\"true\" class=\"wp-block-spacer\"><\/div>\n\n\n\n<h3 class=\"wp-block-heading\">An SCOHPICA teilzunehmen, <br>bedeutet konkret&#8230;<\/h3>\n\n\n\n<p>&#8230; jedes Jahr einen elektronischen Fragebogen zu beantworten (mittels Computer, Tablet oder Smartphone, ben\u00f6tigte Zeit ca. 30 bis 45 Minuten).<\/p>\n\n\n\n<p>&#8230; die M\u00f6glichkeit, an einem Einzel- oder Gruppengespr\u00e4ch teilzunehmen (bei Interesse).<\/p>\n\n\n\n<div style=\"height:20px\" aria-hidden=\"true\" class=\"wp-block-spacer\"><\/div>\n\n\n\n<div class=\"wp-block-buttons is-layout-flex wp-block-buttons-is-layout-flex\">\n<div class=\"wp-block-button is-style-icon-hand\"><a class=\"wp-block-button__link has-secondary-color has-white-background-color has-text-color has-background wp-element-button\" href=\"https:\/\/dev.scohpica.ch\/de\/ich-nehme-teil\/\">Ich m\u00f6chte teilnehmen<\/a><\/div>\n<\/div>\n\n\n\n<div style=\"height:40px\" aria-hidden=\"true\" class=\"wp-block-spacer\"><\/div>\n<\/div>\n\n\n\n<div class=\"wp-block-column is-vertically-aligned-center is-layout-flow wp-block-column-is-layout-flow\">\n<div class=\"wp-block-cover is-light is-style-full-group-right\" style=\"min-height:600px;aspect-ratio:unset;\"><span aria-hidden=\"true\" class=\"wp-block-cover__background has-background-dim-0 has-background-dim\"><\/span><img loading=\"lazy\" decoding=\"async\" width=\"1920\" height=\"1036\" class=\"wp-block-cover__image-background wp-image-1063\" alt=\"\" src=\"https:\/\/dev.scohpica.ch\/wp-content\/uploads\/2022\/09\/AdobeStock_492973113-web-light.jpeg\" data-object-fit=\"cover\" srcset=\"https:\/\/dev.scohpica.ch\/wp-content\/uploads\/2022\/09\/AdobeStock_492973113-web-light.jpeg 1920w, https:\/\/dev.scohpica.ch\/wp-content\/uploads\/2022\/09\/AdobeStock_492973113-web-light-300x162.jpeg 300w, https:\/\/dev.scohpica.ch\/wp-content\/uploads\/2022\/09\/AdobeStock_492973113-web-light-1024x553.jpeg 1024w, https:\/\/dev.scohpica.ch\/wp-content\/uploads\/2022\/09\/AdobeStock_492973113-web-light-768x414.jpeg 768w, https:\/\/dev.scohpica.ch\/wp-content\/uploads\/2022\/09\/AdobeStock_492973113-web-light-1536x829.jpeg 1536w\" sizes=\"auto, (max-width: 1920px) 100vw, 1920px\" \/><div class=\"wp-block-cover__inner-container is-layout-flow wp-block-cover-is-layout-flow\">\n<p class=\"has-text-align-center\"><\/p>\n<\/div><\/div>\n<\/div>\n<\/div>\n<\/div>\n","protected":false},"excerpt":{"rendered":"<p>Projektziele SCOHPICA Schweizer Kohorte der Gesundheitsfachkr\u00e4fteund pflegenden Angeh\u00f6rigen SCOHPICA gibt Gesundheitsfachleuten und pflegenden Angeh\u00f6rigen das Wort! Eine Untersuchung der Laufbahnen, um bestehende Hindernisse und die M\u00f6glichkeiten zu ihrer \u00dcberwindung zu begreifen. SCOHPICA befasst sich mit zwei unverzichtbaren Akteuren unseres Gesundheitssystems: den Gesundheitsfachkr\u00e4ften und den pflegenden Angeh\u00f6rigen. Die Studie sieht vor, die Werdeg\u00e4nge der Teilnehmer*innen \u00fcber [&hellip;]<\/p>\n","protected":false},"author":6,"featured_media":0,"parent":6014,"menu_order":1,"comment_status":"closed","ping_status":"closed","template":"","meta":{"_acf_changed":false,"_editorskit_title_hidden":false,"_editorskit_reading_time":0,"_editorskit_is_block_options_detached":false,"_editorskit_block_options_position":"{}","footnotes":""},"class_list":["post-5733","page","type-page","status-publish","hentry"],"acf":[],"_links":{"self":[{"href":"https:\/\/dev.scohpica.ch\/de\/wp-json\/wp\/v2\/pages\/5733","targetHints":{"allow":["GET"]}}],"collection":[{"href":"https:\/\/dev.scohpica.ch\/de\/wp-json\/wp\/v2\/pages"}],"about":[{"href":"https:\/\/dev.scohpica.ch\/de\/wp-json\/wp\/v2\/types\/page"}],"author":[{"embeddable":true,"href":"https:\/\/dev.scohpica.ch\/de\/wp-json\/wp\/v2\/users\/6"}],"replies":[{"embeddable":true,"href":"https:\/\/dev.scohpica.ch\/de\/wp-json\/wp\/v2\/comments?post=5733"}],"version-history":[{"count":5,"href":"https:\/\/dev.scohpica.ch\/de\/wp-json\/wp\/v2\/pages\/5733\/revisions"}],"predecessor-version":[{"id":6445,"href":"https:\/\/dev.scohpica.ch\/de\/wp-json\/wp\/v2\/pages\/5733\/revisions\/6445"}],"up":[{"embeddable":true,"href":"https:\/\/dev.scohpica.ch\/de\/wp-json\/wp\/v2\/pages\/6014"}],"wp:attachment":[{"href":"https:\/\/dev.scohpica.ch\/de\/wp-json\/wp\/v2\/media?parent=5733"}],"curies":[{"name":"wp","href":"https:\/\/api.w.org\/{rel}","templated":true}]}}